{"id":17983,"date":"2025-09-23T18:54:16","date_gmt":"2025-09-23T16:54:16","guid":{"rendered":"https:\/\/thea-naousa.gr\/zimmer\/"},"modified":"2025-09-23T19:57:29","modified_gmt":"2025-09-23T17:57:29","slug":"zimmer","status":"publish","type":"page","link":"https:\/\/thea-naousa.gr\/de\/zimmer\/","title":{"rendered":"Zimmer"},"content":{"rendered":"\t\t<div data-elementor-type=\"wp-page\" data-elementor-id=\"17983\" class=\"elementor elementor-17983 elementor-17905\">\n\t\t\t\t        <section class=\"elementor-section elementor-top-section elementor-element elementor-element-9b9e84d rooms-wrapper elementor-section-boxed elementor-section-height-default elementor-section-height-default pxl-section-static-pos-no pxl-section-overflow-hidden-no pxl-container-margin-auto-no\" data-id=\"9b9e84d\" data-element_type=\"section\">\n\n                \n                <div class=\"elementor-container elementor-column-gap-default \">\n                <div class=\"elementor-column elementor-col-33 elementor-top-column elementor-element elementor-element-30038b3 col-offset-none pxl-column-element-default pxl-column-overflow-hidden-no\" data-id=\"30038b3\" data-element_type=\"column\">\r\n        <div class=\"elementor-widget-wrap elementor-element-populated\">\r\n                    \t\t<div class=\"elementor-element elementor-element-a71b6cd elementor-widget elementor-widget-text-editor\" data-id=\"a71b6cd\" data-element_type=\"widget\" data-widget_type=\"text-editor.default\">\n\t\t\t\t<div class=\"elementor-widget-container\">\n\t\t\t\t\t\t\t\t\t<div class=\"st-rooms-wrapper\">\n  <h3 class=\"rooms-header\" tabindex=\"0\" aria-expanded=\"false\">Einzelzimmer<\/h3>\n  <ul class=\"rooms-list\">\n    <li>PREIS: 55 EURO<\/li>\n    <li>AUSSTATTUNG:<\/li>\n    <li>Kamin<\/li>\n    <li>K\u00fcchenzeile<\/li>\n    <li>Balkon mit Aussicht<\/li>\n    <li>Fernseher<\/li>\n    <li>Klimaanlage<\/li>\n    <li>Heizung<\/li>\n    <li>WLAN<\/li>\n  <\/ul>\n<\/div>\n\t\t\t\t\t\t\t\t<\/div>\n\t\t\t\t<\/div>\n\t\t                    <\/div>\r\n        <\/div>\r\n                <div class=\"elementor-column elementor-col-33 elementor-top-column elementor-element elementor-element-ed32e08 col-offset-none pxl-column-element-default pxl-column-overflow-hidden-no\" data-id=\"ed32e08\" data-element_type=\"column\">\r\n        <div class=\"elementor-widget-wrap elementor-element-populated\">\r\n                    \t\t<div class=\"elementor-element elementor-element-a635527 elementor-widget elementor-widget-text-editor\" data-id=\"a635527\" data-element_type=\"widget\" data-widget_type=\"text-editor.default\">\n\t\t\t\t<div class=\"elementor-widget-container\">\n\t\t\t\t\t\t\t\t\t\n<div class=\"st-rooms-wrapper\">\n  <h3 class=\"rooms-header\" tabindex=\"0\" aria-expanded=\"false\">Doppelzimmer<\/h3>\n  <ul class=\"rooms-list\">\n    <li>PREIS: 65 EURO<\/li>\n    <li>AUSSTATTUNG:<\/li>\n    <li>Kamin<\/li>\n    <li>K\u00fcchenzeile<\/li>\n    <li>Balkon mit Aussicht<\/li>\n    <li>Fernseher<\/li>\n    <li>Klimaanlage<\/li>\n    <li>Heizung<\/li>\n    <li>WLAN<\/li>\n  <\/ul>\n<\/div>\t\t\t\t\t\t\t\t<\/div>\n\t\t\t\t<\/div>\n\t\t                    <\/div>\r\n        <\/div>\r\n                <div class=\"elementor-column elementor-col-33 elementor-top-column elementor-element elementor-element-dab6d9b col-offset-none pxl-column-element-default pxl-column-overflow-hidden-no\" data-id=\"dab6d9b\" data-element_type=\"column\">\r\n        <div class=\"elementor-widget-wrap elementor-element-populated\">\r\n                    \t\t<div class=\"elementor-element elementor-element-d89e822 elementor-widget elementor-widget-text-editor\" data-id=\"d89e822\" data-element_type=\"widget\" data-widget_type=\"text-editor.default\">\n\t\t\t\t<div class=\"elementor-widget-container\">\n\t\t\t\t\t\t\t\t\t<div class=\"st-rooms-wrapper\">\n  <h3 class=\"rooms-header\" tabindex=\"0\" aria-expanded=\"false\">Vierbettzimmer<\/h3>\n  <ul class=\"rooms-list\">\n    <li>PREIS: 104 EURO<\/li>\n    <li>AUSSTATTUNG:<\/li>\n    <li>Kamin<\/li>\n    <li>K\u00fcchenzeile<\/li>\n    <li>Balkon mit Aussicht<\/li>\n    <li>Fernseher<\/li>\n    <li>Klimaanlage<\/li>\n    <li>Heizung<\/li>\n    <li>WLAN<\/li>\n  <\/ul>\n<\/div>\t\t\t\t\t\t\t\t<\/div>\n\t\t\t\t<\/div>\n\t\t                    <\/div>\r\n        <\/div>\r\n        \t\t\t<\/div>\n\t\t<\/section>\n\t\t        <section class=\"elementor-section elementor-top-section elementor-element elementor-element-76cbeaf rooms-no-fpa elementor-section-boxed elementor-section-height-default elementor-section-height-default pxl-section-static-pos-no pxl-section-overflow-hidden-no pxl-container-margin-auto-no\" data-id=\"76cbeaf\" data-element_type=\"section\" data-settings=\"{&quot;background_background&quot;:&quot;classic&quot;}\">\n\n                \n                <div class=\"elementor-container elementor-column-gap-default \">\n                <div class=\"elementor-column elementor-col-100 elementor-top-column elementor-element elementor-element-d061845 col-offset-none pxl-column-element-default pxl-column-overflow-hidden-no\" data-id=\"d061845\" data-element_type=\"column\">\r\n        <div class=\"elementor-widget-wrap elementor-element-populated\">\r\n                    \t\t<div class=\"elementor-element elementor-element-34ae41c elementor-widget elementor-widget-text-editor\" data-id=\"34ae41c\" data-element_type=\"widget\" data-widget_type=\"text-editor.default\">\n\t\t\t\t<div class=\"elementor-widget-container\">\n\t\t\t\t\t\t\t\t\t<p>Das Fr\u00fchst\u00fcck ist im Preis inbegriffen<\/p>\t\t\t\t\t\t\t\t<\/div>\n\t\t\t\t<\/div>\n\t\t                    <\/div>\r\n        <\/div>\r\n        \t\t\t<\/div>\n\t\t<\/section>\n\t\t        <section class=\"elementor-section elementor-top-section elementor-element elementor-element-f93a441 elementor-section-boxed elementor-section-height-default elementor-section-height-default pxl-section-static-pos-no pxl-section-overflow-hidden-no pxl-container-margin-auto-no\" data-id=\"f93a441\" data-element_type=\"section\" data-settings=\"{&quot;background_background&quot;:&quot;classic&quot;}\">\n\n                \n                <div class=\"elementor-container elementor-column-gap-default \">\n                <div class=\"elementor-column elementor-col-100 elementor-top-column elementor-element elementor-element-6d73b36 col-offset-none pxl-column-element-default pxl-column-overflow-hidden-no\" data-id=\"6d73b36\" data-element_type=\"column\">\r\n        <div class=\"elementor-widget-wrap elementor-element-populated\">\r\n                    \t\t<div class=\"elementor-element elementor-element-a4adc36 elementor-widget elementor-widget-html\" data-id=\"a4adc36\" data-element_type=\"widget\" data-widget_type=\"html.default\">\n\t\t\t\t<div class=\"elementor-widget-container\">\n\t\t\t\t\t<script>document.addEventListener(\"DOMContentLoaded\", () => {\r\n  const headers = document.querySelectorAll(\".rooms-header\");\r\n\r\n  function expand(list, header) {\r\n    \/\/ set target height to content\r\n    list.style.maxHeight = list.scrollHeight + \"px\";\r\n    header.setAttribute(\"aria-expanded\", \"true\");\r\n\r\n    \/\/ after transition, free height so content changes don't break layout\r\n    const onEnd = (e) => {\r\n      if (e.propertyName !== \"max-height\") return;\r\n      if (header.getAttribute(\"aria-expanded\") === \"true\") {\r\n        list.style.maxHeight = \"none\";\r\n      }\r\n      list.removeEventListener(\"transitionend\", onEnd);\r\n    };\r\n    list.addEventListener(\"transitionend\", onEnd);\r\n  }\r\n\r\n  function collapse(list, header) {\r\n    \/\/ if currently 'auto' (none), lock it to exact px to animate back to 0\r\n    if (getComputedStyle(list).maxHeight === \"none\") {\r\n      list.style.maxHeight = list.scrollHeight + \"px\";\r\n      \/\/ force reflow\r\n      list.offsetHeight;\r\n    }\r\n    list.style.maxHeight = \"0px\";\r\n    header.setAttribute(\"aria-expanded\", \"false\");\r\n  }\r\n\r\n  headers.forEach((header) => {\r\n    const list = header.nextElementSibling;\r\n\r\n    \/\/ start collapsed & accessible state\r\n    header.setAttribute(\"aria-expanded\", \"false\");\r\n    list.style.maxHeight = \"0px\";\r\n\r\n    header.addEventListener(\"click\", () => {\r\n      const isOpen = header.getAttribute(\"aria-expanded\") === \"true\";\r\n      if (isOpen) {\r\n        collapse(list, header);\r\n      } else {\r\n        expand(list, header);\r\n      }\r\n    });\r\n  });\r\n});\r\n<\/script>\t\t\t\t<\/div>\n\t\t\t\t<\/div>\n\t\t                    <\/div>\r\n        <\/div>\r\n        \t\t\t<\/div>\n\t\t<\/section>\n\t\t        <section class=\"elementor-section elementor-top-section elementor-element elementor-element-15548f7 elementor-section-boxed elementor-section-height-default elementor-section-height-default pxl-section-static-pos-no pxl-section-overflow-hidden-no pxl-container-margin-auto-no\" data-id=\"15548f7\" data-element_type=\"section\">\n\n                \n                <div class=\"elementor-container elementor-column-gap-default \">\n                <div class=\"elementor-column elementor-col-100 elementor-top-column elementor-element elementor-element-b8a9c8d col-offset-none pxl-column-element-default pxl-column-overflow-hidden-no\" data-id=\"b8a9c8d\" data-element_type=\"column\">\r\n        <div class=\"elementor-widget-wrap elementor-element-populated\">\r\n                    \t\t<div class=\"elementor-element elementor-element-6b082d2 elementor-arrows-position-inside elementor-pagination-position-outside elementor-widget elementor-widget-image-carousel\" data-id=\"6b082d2\" data-element_type=\"widget\" data-settings=\"{&quot;slides_to_scroll&quot;:&quot;6&quot;,&quot;image_spacing_custom&quot;:{&quot;unit&quot;:&quot;px&quot;,&quot;size&quot;:0,&quot;sizes&quot;:[]},&quot;navigation&quot;:&quot;both&quot;,&quot;autoplay&quot;:&quot;yes&quot;,&quot;pause_on_hover&quot;:&quot;yes&quot;,&quot;pause_on_interaction&quot;:&quot;yes&quot;,&quot;autoplay_speed&quot;:5000,&quot;infinite&quot;:&quot;yes&quot;,&quot;speed&quot;:500,&quot;image_spacing_custom_laptop&quot;:{&quot;unit&quot;:&quot;px&quot;,&quot;size&quot;:&quot;&quot;,&quot;sizes&quot;:[]},&quot;image_spacing_custom_tablet_extra&quot;:{&quot;unit&quot;:&quot;px&quot;,&quot;size&quot;:&quot;&quot;,&quot;sizes&quot;:[]},&quot;image_spacing_custom_tablet&quot;:{&quot;unit&quot;:&quot;px&quot;,&quot;size&quot;:&quot;&quot;,&quot;sizes&quot;:[]},&quot;image_spacing_custom_mobile_extra&quot;:{&quot;unit&quot;:&quot;px&quot;,&quot;size&quot;:&quot;&quot;,&quot;sizes&quot;:[]},&quot;image_spacing_custom_mobile&quot;:{&quot;unit&quot;:&quot;px&quot;,&quot;size&quot;:&quot;&quot;,&quot;sizes&quot;:[]}}\" data-widget_type=\"image-carousel.default\">\n\t\t\t\t<div class=\"elementor-widget-container\">\n\t\t\t\t\t\t\t<div class=\"elementor-image-carousel-wrapper swiper\" role=\"region\" aria-roledescription=\"carousel\" aria-label=\"\u039a\u03b1\u03c1\u03bf\u03c5\u03b6\u03ad\u03bb \u0395\u03b9\u03ba\u03cc\u03bd\u03b1\u03c2\" dir=\"ltr\">\n\t\t\t<div class=\"elementor-image-carousel swiper-wrapper\" aria-live=\"off\">\n\t\t\t\t\t\t\t\t<div class=\"swiper-slide\" role=\"group\" aria-roledescription=\"slide\" aria-label=\"1 von 10\"><figure class=\"swiper-slide-inner\"><img decoding=\"async\" class=\"swiper-slide-image\" src=\"https:\/\/thea-naousa.gr\/wp-content\/uploads\/2024\/02\/Studio-1-5_800x600-300x300.jpg\" alt=\"Studio-1-5_800x600\" \/><\/figure><\/div><div class=\"swiper-slide\" role=\"group\" aria-roledescription=\"slide\" aria-label=\"2 von 10\"><figure class=\"swiper-slide-inner\"><img decoding=\"async\" class=\"swiper-slide-image\" src=\"https:\/\/thea-naousa.gr\/wp-content\/uploads\/2025\/09\/image00007-1-300x300.jpeg\" alt=\"image00007\" \/><\/figure><\/div><div class=\"swiper-slide\" role=\"group\" aria-roledescription=\"slide\" aria-label=\"3 von 10\"><figure class=\"swiper-slide-inner\"><img decoding=\"async\" class=\"swiper-slide-image\" src=\"https:\/\/thea-naousa.gr\/wp-content\/uploads\/2025\/09\/image00008-1-300x300.jpeg\" alt=\"image00008\" \/><\/figure><\/div><div class=\"swiper-slide\" role=\"group\" aria-roledescription=\"slide\" aria-label=\"4 von 10\"><figure class=\"swiper-slide-inner\"><img decoding=\"async\" class=\"swiper-slide-image\" src=\"https:\/\/thea-naousa.gr\/wp-content\/uploads\/2025\/09\/image00009-1-300x300.jpeg\" alt=\"image00009\" \/><\/figure><\/div><div class=\"swiper-slide\" role=\"group\" aria-roledescription=\"slide\" aria-label=\"5 von 10\"><figure class=\"swiper-slide-inner\"><img decoding=\"async\" class=\"swiper-slide-image\" src=\"https:\/\/thea-naousa.gr\/wp-content\/uploads\/2025\/09\/image00001-1-300x300.jpeg\" alt=\"image00001\" \/><\/figure><\/div><div class=\"swiper-slide\" role=\"group\" aria-roledescription=\"slide\" aria-label=\"6 von 10\"><figure class=\"swiper-slide-inner\"><img decoding=\"async\" class=\"swiper-slide-image\" src=\"https:\/\/thea-naousa.gr\/wp-content\/uploads\/2025\/09\/image00002-1-300x300.jpeg\" alt=\"image00002\" \/><\/figure><\/div><div class=\"swiper-slide\" role=\"group\" aria-roledescription=\"slide\" aria-label=\"7 von 10\"><figure class=\"swiper-slide-inner\"><img decoding=\"async\" class=\"swiper-slide-image\" src=\"https:\/\/thea-naousa.gr\/wp-content\/uploads\/2025\/09\/image00003-1-300x300.jpeg\" alt=\"image00003\" \/><\/figure><\/div><div class=\"swiper-slide\" role=\"group\" aria-roledescription=\"slide\" aria-label=\"8 von 10\"><figure class=\"swiper-slide-inner\"><img decoding=\"async\" class=\"swiper-slide-image\" src=\"https:\/\/thea-naousa.gr\/wp-content\/uploads\/2025\/09\/image00004-1-300x300.jpeg\" alt=\"image00004\" \/><\/figure><\/div><div class=\"swiper-slide\" role=\"group\" aria-roledescription=\"slide\" aria-label=\"9 von 10\"><figure class=\"swiper-slide-inner\"><img decoding=\"async\" class=\"swiper-slide-image\" src=\"https:\/\/thea-naousa.gr\/wp-content\/uploads\/2025\/09\/image00005-1-300x300.jpeg\" alt=\"image00005\" \/><\/figure><\/div><div class=\"swiper-slide\" role=\"group\" aria-roledescription=\"slide\" aria-label=\"10 von 10\"><figure class=\"swiper-slide-inner\"><img decoding=\"async\" class=\"swiper-slide-image\" src=\"https:\/\/thea-naousa.gr\/wp-content\/uploads\/2025\/09\/image00006-1-300x300.jpeg\" alt=\"image00006\" \/><\/figure><\/div>\t\t\t<\/div>\n\t\t\t\t\t\t\t\t\t\t\t\t<div class=\"elementor-swiper-button elementor-swiper-button-prev\" role=\"button\" tabindex=\"0\">\n\t\t\t\t\t\t<i aria-hidden=\"true\" class=\"eicon-chevron-left\"><\/i>\t\t\t\t\t<\/div>\n\t\t\t\t\t<div class=\"elementor-swiper-button elementor-swiper-button-next\" role=\"button\" tabindex=\"0\">\n\t\t\t\t\t\t<i aria-hidden=\"true\" class=\"eicon-chevron-right\"><\/i>\t\t\t\t\t<\/div>\n\t\t\t\t\n\t\t\t\t\t\t\t\t\t<div class=\"swiper-pagination\"><\/div>\n\t\t\t\t\t\t\t\t\t<\/div>\n\t\t\t\t\t\t<\/div>\n\t\t\t\t<\/div>\n\t\t                    <\/div>\r\n        <\/div>\r\n        \t\t\t<\/div>\n\t\t<\/section>\n\t\t        <section class=\"elementor-section elementor-top-section elementor-element elementor-element-2e64f9b elementor-section-boxed elementor-section-height-default elementor-section-height-default pxl-section-static-pos-no pxl-section-overflow-hidden-no pxl-container-margin-auto-no\" data-id=\"2e64f9b\" data-element_type=\"section\">\n\n                \n                <div class=\"elementor-container elementor-column-gap-default \">\n                <div class=\"elementor-column elementor-col-16 elementor-top-column elementor-element elementor-element-a48bf4f col-offset-none pxl-column-element-default pxl-column-overflow-hidden-no\" data-id=\"a48bf4f\" data-element_type=\"column\">\r\n        <div class=\"elementor-widget-wrap\">\r\n                                        <\/div>\r\n        <\/div>\r\n                <div class=\"elementor-column elementor-col-16 elementor-top-column elementor-element elementor-element-42e9c64 col-offset-none pxl-column-element-default pxl-column-overflow-hidden-no\" data-id=\"42e9c64\" data-element_type=\"column\">\r\n        <div class=\"elementor-widget-wrap\">\r\n                                        <\/div>\r\n        <\/div>\r\n                <div class=\"elementor-column elementor-col-16 elementor-top-column elementor-element elementor-element-2d9defb col-offset-none pxl-column-element-default pxl-column-overflow-hidden-no\" data-id=\"2d9defb\" data-element_type=\"column\">\r\n        <div class=\"elementor-widget-wrap\">\r\n                                        <\/div>\r\n        <\/div>\r\n                <div class=\"elementor-column elementor-col-16 elementor-top-column elementor-element elementor-element-151d5ef col-offset-none pxl-column-element-default pxl-column-overflow-hidden-no\" data-id=\"151d5ef\" data-element_type=\"column\">\r\n        <div class=\"elementor-widget-wrap\">\r\n                                        <\/div>\r\n        <\/div>\r\n                <div class=\"elementor-column elementor-col-16 elementor-top-column elementor-element elementor-element-c208864 col-offset-none pxl-column-element-default pxl-column-overflow-hidden-no\" data-id=\"c208864\" data-element_type=\"column\">\r\n        <div class=\"elementor-widget-wrap\">\r\n                                        <\/div>\r\n        <\/div>\r\n                <div class=\"elementor-column elementor-col-16 elementor-top-column elementor-element elementor-element-2e80a78 col-offset-none pxl-column-element-default pxl-column-overflow-hidden-no\" data-id=\"2e80a78\" data-element_type=\"column\">\r\n        <div class=\"elementor-widget-wrap\">\r\n                                        <\/div>\r\n        <\/div>\r\n        \t\t\t<\/div>\n\t\t<\/section>\n\t\t\t\t<\/div>\n\t\t","protected":false},"excerpt":{"rendered":"<p>Einzelzimmer PREIS: 55 EURO AUSSTATTUNG: Kamin K\u00fcchenzeile Balkon mit Aussicht Fernseher Klimaanlage Heizung WLAN Doppelzimmer PREIS: 65 EURO AUSSTATTUNG: Kamin K\u00fcchenzeile Balkon mit Aussicht Fernseher Klimaanlage Heizung WLAN Vierbettzimmer PREIS: 104 EURO AUSSTATTUNG: Kamin K\u00fcchenzeile Balkon mit Aussicht Fernseher Klimaanlage Heizung WLAN Das Fr\u00fchst\u00fcck ist im Preis inbegriffen<\/p>\n","protected":false},"author":2,"featured_media":0,"parent":0,"menu_order":0,"comment_status":"closed","ping_status":"closed","template":"","meta":{"footnotes":""},"class_list":["post-17983","page","type-page","status-publish","hentry"],"_links":{"self":[{"href":"https:\/\/thea-naousa.gr\/de\/wp-json\/wp\/v2\/pages\/17983","targetHints":{"allow":["GET"]}}],"collection":[{"href":"https:\/\/thea-naousa.gr\/de\/wp-json\/wp\/v2\/pages"}],"about":[{"href":"https:\/\/thea-naousa.gr\/de\/wp-json\/wp\/v2\/types\/page"}],"author":[{"embeddable":true,"href":"https:\/\/thea-naousa.gr\/de\/wp-json\/wp\/v2\/users\/2"}],"replies":[{"embeddable":true,"href":"https:\/\/thea-naousa.gr\/de\/wp-json\/wp\/v2\/comments?post=17983"}],"version-history":[{"count":7,"href":"https:\/\/thea-naousa.gr\/de\/wp-json\/wp\/v2\/pages\/17983\/revisions"}],"predecessor-version":[{"id":18003,"href":"https:\/\/thea-naousa.gr\/de\/wp-json\/wp\/v2\/pages\/17983\/revisions\/18003"}],"wp:attachment":[{"href":"https:\/\/thea-naousa.gr\/de\/wp-json\/wp\/v2\/media?parent=17983"}],"curies":[{"name":"wp","href":"https:\/\/api.w.org\/{rel}","templated":true}]}}