{"id":17569,"date":"2025-07-18T17:37:00","date_gmt":"2025-07-18T15:37:00","guid":{"rendered":"https:\/\/thea-naousa.gr\/unterkunft-mit-dauer\/"},"modified":"2025-09-04T18:43:57","modified_gmt":"2025-09-04T16:43:57","slug":"unterkunft-mit-dauer","status":"publish","type":"page","link":"https:\/\/thea-naousa.gr\/de\/unterkunft-mit-dauer\/","title":{"rendered":"Unterkunft mit Dauer"},"content":{"rendered":"\t\t<div data-elementor-type=\"wp-page\" data-elementor-id=\"17569\" class=\"elementor elementor-17569 elementor-17522\">\n\t\t\t\t        <section class=\"elementor-section elementor-top-section elementor-element elementor-element-a1d6795 elementor-section-boxed elementor-section-height-default elementor-section-height-default pxl-section-static-pos-no pxl-section-overflow-hidden-no pxl-container-margin-auto-no\" data-id=\"a1d6795\" data-element_type=\"section\">\n\n                \n                <div class=\"elementor-container elementor-column-gap-default \">\n                <div class=\"elementor-column elementor-col-100 elementor-top-column elementor-element elementor-element-278495d col-offset-none pxl-column-element-default pxl-column-overflow-hidden-no\" data-id=\"278495d\" data-element_type=\"column\">\r\n        <div class=\"elementor-widget-wrap\">\r\n                                        <\/div>\r\n        <\/div>\r\n        \t\t\t<\/div>\n\t\t<\/section>\n\t\t        <section class=\"elementor-section elementor-top-section elementor-element elementor-element-e21fe67 elementor-section-content-middle elementor-section-boxed elementor-section-height-default elementor-section-height-default pxl-section-static-pos-no pxl-section-overflow-hidden-no pxl-container-margin-auto-no\" data-id=\"e21fe67\" data-element_type=\"section\">\n\n                \n                <div class=\"elementor-container elementor-column-gap-default \">\n                <div class=\"elementor-column elementor-col-33 elementor-top-column elementor-element elementor-element-a4394e5 col-offset-none pxl-column-element-default pxl-column-overflow-hidden-no\" data-id=\"a4394e5\" data-element_type=\"column\">\r\n        <div class=\"elementor-widget-wrap elementor-element-populated\">\r\n                    \t\t<div class=\"elementor-element elementor-element-ea07abb elementor-hidden-mobile elementor-widget elementor-widget-pxl_divider\" data-id=\"ea07abb\" data-element_type=\"widget\" data-widget_type=\"pxl_divider.default\">\n\t\t\t\t<div class=\"elementor-widget-container\">\n\t\t\t\t\t<div class=\"pxl-divider horizontal animated reversal normal\"><div class=\"pxl-divider-separator\"><\/div><\/div>\t\t\t\t<\/div>\n\t\t\t\t<\/div>\n\t\t                    <\/div>\r\n        <\/div>\r\n                <div class=\"elementor-column elementor-col-33 elementor-top-column elementor-element elementor-element-ff00a24 col-offset-none pxl-column-element-default pxl-column-overflow-hidden-no\" data-id=\"ff00a24\" data-element_type=\"column\">\r\n        <div class=\"elementor-widget-wrap elementor-element-populated\">\r\n                    \t\t<div class=\"elementor-element elementor-element-8ab8427 elementor-widget__width-initial elementor-widget elementor-widget-pxl_heading\" data-id=\"8ab8427\" data-element_type=\"widget\" data-widget_type=\"pxl_heading.default\">\n\t\t\t\t<div class=\"elementor-widget-container\">\n\t\t\t\t\t<div class=\"pxl-heading-wrap d-flex\">\n    <div class=\"pxl-heading-inner center \">\n                    <div class=\"heading-subtitle \">\n                <div class=\"subtitle-text  pxl-split-text split-in-right\">F\u00fcr Sie, die sich f\u00fcr einen Aufenthalt entscheiden<\/div>\n            <\/div>\n                <h2 class=\"heading-title\">\n                                 <\/h2>\n            <\/div>\n<\/div>\n\n\t\t\t\t<\/div>\n\t\t\t\t<\/div>\n\t\t                    <\/div>\r\n        <\/div>\r\n                <div class=\"elementor-column elementor-col-33 elementor-top-column elementor-element elementor-element-e5cef26 col-offset-none pxl-column-element-default pxl-column-overflow-hidden-no\" data-id=\"e5cef26\" data-element_type=\"column\">\r\n        <div class=\"elementor-widget-wrap elementor-element-populated\">\r\n                    \t\t<div class=\"elementor-element elementor-element-3bce697 elementor-hidden-mobile elementor-widget elementor-widget-pxl_divider\" data-id=\"3bce697\" data-element_type=\"widget\" data-widget_type=\"pxl_divider.default\">\n\t\t\t\t<div class=\"elementor-widget-container\">\n\t\t\t\t\t<div class=\"pxl-divider horizontal animated normal\"><div class=\"pxl-divider-separator\"><\/div><\/div>\t\t\t\t<\/div>\n\t\t\t\t<\/div>\n\t\t                    <\/div>\r\n        <\/div>\r\n        \t\t\t<\/div>\n\t\t<\/section>\n\t\t        <section class=\"elementor-section elementor-top-section elementor-element elementor-element-464db88 elementor-section-boxed elementor-section-height-default elementor-section-height-default pxl-section-static-pos-no pxl-section-overflow-hidden-no pxl-container-margin-auto-no\" data-id=\"464db88\" data-element_type=\"section\">\n\n                \n                <div class=\"elementor-container elementor-column-gap-default \">\n                <div class=\"elementor-column elementor-col-100 elementor-top-column elementor-element elementor-element-db15819 col-offset-none pxl-column-element-default pxl-column-overflow-hidden-no\" data-id=\"db15819\" data-element_type=\"column\">\r\n        <div class=\"elementor-widget-wrap elementor-element-populated\">\r\n                    \t\t<div class=\"elementor-element elementor-element-ff4a49c elementor-widget elementor-widget-pxl_text_editor\" data-id=\"ff4a49c\" data-element_type=\"widget\" data-widget_type=\"pxl_text_editor.default\">\n\t\t\t\t<div class=\"elementor-widget-container\">\n\t\t\t\t\t<div id=\"pxl_text_editor-ff4a49c-3180\" class=\"pxl-text-editor-wrap d-flex \" >\n\t<div class=\"pxl-text-editor elementor-clearfix\">\n\t\t<p data-start=\"500\" data-end=\"750\">Im Hotel Thea endet Gastfreundschaft nicht bei einem Kurzaufenthalt. F\u00fcr alle, die einen warmen, funktionalen und gepflegten Raum f\u00fcr einen l\u00e4ngeren Zeitraum suchen, bieten wir ausgew\u00e4hlte Apartments \u2013 ideal f\u00fcr eine Langzeitmiete.<\/p><p data-start=\"752\" data-end=\"936\">Die Apartments verf\u00fcgen \u00fcber funktionale und gro\u00dfz\u00fcgige R\u00e4ume mit einer Ausstattung, die den t\u00e4glichen Bedarf abdeckt, und bieten Komfort, Privatsph\u00e4re und ein angenehmes Wohnumfeld.<\/p><p data-start=\"938\" data-end=\"1093\" data-is-last-node=\"\" data-is-only-node=\"\">Kontaktieren Sie uns f\u00fcr Verf\u00fcgbarkeit, Preise und weitere Informationen. Wir sind gerne f\u00fcr Sie da, um die passende L\u00f6sung f\u00fcr Ihre Bed\u00fcrfnisse zu finden.<\/p>\t\t\n\t<\/div>\n<\/div>\t\t\t\t<\/div>\n\t\t\t\t<\/div>\n\t\t                    <\/div>\r\n        <\/div>\r\n        \t\t\t<\/div>\n\t\t<\/section>\n\t\t        <section class=\"elementor-section elementor-top-section elementor-element elementor-element-4596b53 elementor-section-boxed elementor-section-height-default elementor-section-height-default pxl-section-static-pos-no pxl-section-overflow-hidden-no pxl-container-margin-auto-no\" data-id=\"4596b53\" data-element_type=\"section\">\n\n                \n                <div class=\"elementor-container elementor-column-gap-default \">\n                <div class=\"elementor-column elementor-col-100 elementor-top-column elementor-element elementor-element-c4cbf3c col-offset-none pxl-column-element-default pxl-column-overflow-hidden-no\" data-id=\"c4cbf3c\" data-element_type=\"column\">\r\n        <div class=\"elementor-widget-wrap elementor-element-populated\">\r\n                    \t\t<div class=\"elementor-element elementor-element-28f7f95 elementor-widget elementor-widget-pxl_galleries\" data-id=\"28f7f95\" data-element_type=\"widget\" data-widget_type=\"pxl_galleries.default\">\n\t\t\t\t<div class=\"elementor-widget-container\">\n\t\t\t\t\t<div id=\"28f7f95\" class=\"pxl-grid pxl-gallery-grid clearfix layout-1\" data-layout-mode=\"masonry\" data-total=\"5\" data-show=\"8\" data-loadmore=\"8\">\r\n    <div class=\"pxl-grid-inner pxl-grid-masonry row relative\"> \r\n        \r\n            <div class=\"grid-item col-xxl-3 col-xl-3 col-lg-4 col-md-6 col-sm-6 col-xs-12\">\r\n                <div class=\"grid-item-inner relative item-inner-wrap overflow-hidden pxl-animate pxl-invisible animated-normal\" data-settings=\"{&quot;animation&quot;:&quot;fadeInLeft&quot;,&quot;animation_delay&quot;:&quot;150&quot;}\">\r\n                                            <img fetchpriority=\"high\" decoding=\"async\" class=\"no-lazyload \" src=\"https:\/\/thea-naousa.gr\/wp-content\/uploads\/2025\/09\/image00016-scaled-382x652.jpeg\" width=\"382\" height=\"652\" alt=\"image00016\" title=\"image00016\" \/>                                        <div class=\"pxl-overlay\"><\/div>\r\n                    <a data-elementor-lightbox-slideshow=\"28f7f95\" class=\"pxl-galleries-light-box\" href=\"https:\/\/thea-naousa.gr\/wp-content\/uploads\/2025\/09\/image00016-scaled.jpeg\" data-id=\"17775\" data-elementor-lightbox-title=\"\"><\/a>\r\n                <\/div>\r\n            <\/div>\r\n        \r\n            <div class=\"grid-item col-xxl-3 col-xl-3 col-lg-4 col-md-6 col-sm-6 col-xs-12\">\r\n                <div class=\"grid-item-inner relative item-inner-wrap overflow-hidden pxl-animate pxl-invisible animated-normal\" data-settings=\"{&quot;animation&quot;:&quot;fadeInDown&quot;,&quot;animation_delay&quot;:&quot;150&quot;}\">\r\n                                            <img decoding=\"async\" class=\"no-lazyload \" src=\"https:\/\/thea-naousa.gr\/wp-content\/uploads\/2025\/09\/image00015-scaled-382x311.jpeg\" width=\"382\" height=\"311\" alt=\"image00015\" title=\"image00015\" \/>                                        <div class=\"pxl-overlay\"><\/div>\r\n                    <a data-elementor-lightbox-slideshow=\"28f7f95\" class=\"pxl-galleries-light-box\" href=\"https:\/\/thea-naousa.gr\/wp-content\/uploads\/2025\/09\/image00015-scaled.jpeg\" data-id=\"17772\" data-elementor-lightbox-title=\"\"><\/a>\r\n                <\/div>\r\n            <\/div>\r\n        \r\n            <div class=\"grid-item col-xxl-3 col-xl-3 col-lg-4 col-md-6 col-sm-6 col-xs-12\">\r\n                <div class=\"grid-item-inner relative item-inner-wrap overflow-hidden pxl-animate pxl-invisible animated-normal\" data-settings=\"{&quot;animation&quot;:&quot;fadeInDown&quot;,&quot;animation_delay&quot;:&quot;150&quot;}\">\r\n                                            <img decoding=\"async\" class=\"no-lazyload \" src=\"https:\/\/thea-naousa.gr\/wp-content\/uploads\/2025\/09\/image00008-scaled-382x311.jpeg\" width=\"382\" height=\"311\" alt=\"image00008\" title=\"image00008\" \/>                                        <div class=\"pxl-overlay\"><\/div>\r\n                    <a data-elementor-lightbox-slideshow=\"28f7f95\" class=\"pxl-galleries-light-box\" href=\"https:\/\/thea-naousa.gr\/wp-content\/uploads\/2025\/09\/image00008-scaled.jpeg\" data-id=\"17751\" data-elementor-lightbox-title=\"\"><\/a>\r\n                <\/div>\r\n            <\/div>\r\n        \r\n            <div class=\"grid-item col-xxl-3 col-xl-3 col-lg-4 col-md-6 col-sm-6 col-xs-12\">\r\n                <div class=\"grid-item-inner relative item-inner-wrap overflow-hidden pxl-animate pxl-invisible animated-normal\" data-settings=\"{&quot;animation&quot;:&quot;fadeInRight&quot;,&quot;animation_delay&quot;:&quot;150&quot;}\">\r\n                                            <img loading=\"lazy\" decoding=\"async\" class=\"no-lazyload \" src=\"https:\/\/thea-naousa.gr\/wp-content\/uploads\/2025\/09\/image00018-scaled-382x652.jpeg\" width=\"382\" height=\"652\" alt=\"image00018\" title=\"image00018\" \/>                                        <div class=\"pxl-overlay\"><\/div>\r\n                    <a data-elementor-lightbox-slideshow=\"28f7f95\" class=\"pxl-galleries-light-box\" href=\"https:\/\/thea-naousa.gr\/wp-content\/uploads\/2025\/09\/image00018-scaled.jpeg\" data-id=\"17781\" data-elementor-lightbox-title=\"\"><\/a>\r\n                <\/div>\r\n            <\/div>\r\n        \r\n            <div class=\"grid-item col-xxl-6 col-xl-6 col-lg-4 col-md-6 col-sm-6 col-xs-12\">\r\n                <div class=\"grid-item-inner relative item-inner-wrap overflow-hidden pxl-animate pxl-invisible animated-normal\" data-settings=\"{&quot;animation&quot;:&quot;fadeInUp&quot;,&quot;animation_delay&quot;:&quot;150&quot;}\">\r\n                                            <img loading=\"lazy\" decoding=\"async\" class=\"no-lazyload \" src=\"https:\/\/thea-naousa.gr\/wp-content\/uploads\/2025\/09\/image00010-scaled-794x311.jpeg\" width=\"794\" height=\"311\" alt=\"image00010\" title=\"image00010\" \/>                                        <div class=\"pxl-overlay\"><\/div>\r\n                    <a data-elementor-lightbox-slideshow=\"28f7f95\" class=\"pxl-galleries-light-box\" href=\"https:\/\/thea-naousa.gr\/wp-content\/uploads\/2025\/09\/image00010-scaled.jpeg\" data-id=\"17757\" data-elementor-lightbox-title=\"\"><\/a>\r\n                <\/div>\r\n            <\/div>\r\n        <div class=\"grid-sizer  col-xxl-3 col-xl-3 col-lg-4 col-md-6 col-sm-6 col-xs-12\"><\/div>\r\n    <\/div>\r\n    <\/div>\t\t\t\t<\/div>\n\t\t\t\t<\/div>\n\t\t                    <\/div>\r\n        <\/div>\r\n        \t\t\t<\/div>\n\t\t<\/section>\n\t\t        <section class=\"elementor-section elementor-top-section elementor-element elementor-element-ac96e95 elementor-section-content-middle elementor-section-boxed elementor-section-height-default elementor-section-height-default pxl-section-static-pos-no pxl-section-overflow-hidden-no pxl-container-margin-auto-no\" data-id=\"ac96e95\" data-element_type=\"section\">\n\n                \n                <div class=\"elementor-container elementor-column-gap-default \">\n                <div class=\"elementor-column elementor-col-33 elementor-top-column elementor-element elementor-element-e6d9e9e col-offset-none pxl-column-element-default pxl-column-overflow-hidden-no\" data-id=\"e6d9e9e\" data-element_type=\"column\">\r\n        <div class=\"elementor-widget-wrap elementor-element-populated\">\r\n                    \t\t<div class=\"elementor-element elementor-element-0e9da68 elementor-hidden-mobile elementor-widget elementor-widget-pxl_divider\" data-id=\"0e9da68\" data-element_type=\"widget\" data-widget_type=\"pxl_divider.default\">\n\t\t\t\t<div class=\"elementor-widget-container\">\n\t\t\t\t\t<div class=\"pxl-divider horizontal animated reversal normal\"><div class=\"pxl-divider-separator\"><\/div><\/div>\t\t\t\t<\/div>\n\t\t\t\t<\/div>\n\t\t                    <\/div>\r\n        <\/div>\r\n                <div class=\"elementor-column elementor-col-33 elementor-top-column elementor-element elementor-element-daa35a6 col-offset-none pxl-column-element-default pxl-column-overflow-hidden-no\" data-id=\"daa35a6\" data-element_type=\"column\">\r\n        <div class=\"elementor-widget-wrap\">\r\n                                        <\/div>\r\n        <\/div>\r\n                <div class=\"elementor-column elementor-col-33 elementor-top-column elementor-element elementor-element-294fe4a col-offset-none pxl-column-element-default pxl-column-overflow-hidden-no\" data-id=\"294fe4a\" data-element_type=\"column\">\r\n        <div class=\"elementor-widget-wrap elementor-element-populated\">\r\n                    \t\t<div class=\"elementor-element elementor-element-331c637 elementor-hidden-mobile elementor-widget elementor-widget-pxl_divider\" data-id=\"331c637\" data-element_type=\"widget\" data-widget_type=\"pxl_divider.default\">\n\t\t\t\t<div class=\"elementor-widget-container\">\n\t\t\t\t\t<div class=\"pxl-divider horizontal animated normal\"><div class=\"pxl-divider-separator\"><\/div><\/div>\t\t\t\t<\/div>\n\t\t\t\t<\/div>\n\t\t                    <\/div>\r\n        <\/div>\r\n        \t\t\t<\/div>\n\t\t<\/section>\n\t\t\t\t<\/div>\n\t\t","protected":false},"excerpt":{"rendered":"<p>F\u00fcr Sie, die sich f\u00fcr einen Aufenthalt entscheiden Im Hotel Thea endet Gastfreundschaft nicht bei einem Kurzaufenthalt. F\u00fcr alle, die einen warmen, funktionalen und gepflegten Raum f\u00fcr einen l\u00e4ngeren Zeitraum suchen, bieten wir ausgew\u00e4hlte Apartments \u2013 ideal f\u00fcr eine Langzeitmiete. Die Apartments verf\u00fcgen \u00fcber funktionale und gro\u00dfz\u00fcgige R\u00e4ume mit einer Ausstattung, die den t\u00e4glichen Bedarf [&hellip;]<\/p>\n","protected":false},"author":2,"featured_media":0,"parent":0,"menu_order":0,"comment_status":"closed","ping_status":"closed","template":"","meta":{"footnotes":""},"class_list":["post-17569","page","type-page","status-publish","hentry"],"_links":{"self":[{"href":"https:\/\/thea-naousa.gr\/de\/wp-json\/wp\/v2\/pages\/17569","targetHints":{"allow":["GET"]}}],"collection":[{"href":"https:\/\/thea-naousa.gr\/de\/wp-json\/wp\/v2\/pages"}],"about":[{"href":"https:\/\/thea-naousa.gr\/de\/wp-json\/wp\/v2\/types\/page"}],"author":[{"embeddable":true,"href":"https:\/\/thea-naousa.gr\/de\/wp-json\/wp\/v2\/users\/2"}],"replies":[{"embeddable":true,"href":"https:\/\/thea-naousa.gr\/de\/wp-json\/wp\/v2\/comments?post=17569"}],"version-history":[{"count":11,"href":"https:\/\/thea-naousa.gr\/de\/wp-json\/wp\/v2\/pages\/17569\/revisions"}],"predecessor-version":[{"id":17805,"href":"https:\/\/thea-naousa.gr\/de\/wp-json\/wp\/v2\/pages\/17569\/revisions\/17805"}],"wp:attachment":[{"href":"https:\/\/thea-naousa.gr\/de\/wp-json\/wp\/v2\/media?parent=17569"}],"curies":[{"name":"wp","href":"https:\/\/api.w.org\/{rel}","templated":true}]}}