{"id":17179,"date":"2023-01-03T07:59:09","date_gmt":"2023-01-03T06:59:09","guid":{"rendered":"https:\/\/thea-naousa.gr\/vorteile-dienstleistungen\/"},"modified":"2025-07-21T17:18:59","modified_gmt":"2025-07-21T15:18:59","slug":"vorteile-dienstleistungen","status":"publish","type":"page","link":"https:\/\/thea-naousa.gr\/de\/vorteile-dienstleistungen\/","title":{"rendered":"Vorteile &#038; Dienstleistungen"},"content":{"rendered":"\t\t<div data-elementor-type=\"wp-page\" data-elementor-id=\"17179\" class=\"elementor elementor-17179 elementor-4496\">\n\t\t\t\t        <section class=\"elementor-section elementor-top-section elementor-element elementor-element-a0418ba elementor-section-full_width elementor-section-content-middle elementor-section-height-default elementor-section-height-default pxl-section-offset-none pxl-section-static-pos-no pxl-section-overflow-hidden-no pxl-container-margin-auto-no\" data-id=\"a0418ba\" data-element_type=\"section\">\n\n                \n                <div class=\"elementor-container elementor-column-gap-no \">\n                <div class=\"elementor-column elementor-col-33 elementor-top-column elementor-element elementor-element-c280b43 pxl-column-overflow-hidden-yes hidden col-offset-none pxl-column-element-default pxl-pll-transform\" data-id=\"c280b43\" data-element_type=\"column\">\r\n        <div class=\"elementor-widget-wrap\">\r\n            <div class=\"pxl-column-bg-parallax-outer\"><div class=\"pxl-column-bg-parallax\" data-parallax=\"{&quot;x&quot;:-30}\"><\/div><\/div>                            <\/div>\r\n        <\/div>\r\n                <div class=\"elementor-column elementor-col-33 elementor-top-column elementor-element elementor-element-a114cf9 mx-auto col-offset-none pxl-column-element-default pxl-column-overflow-hidden-no\" data-id=\"a114cf9\" data-element_type=\"column\">\r\n        <div class=\"elementor-widget-wrap elementor-element-populated\">\r\n                    \t\t<div class=\"elementor-element elementor-element-7c4f280 elementor-widget elementor-widget-pxl_heading\" data-id=\"7c4f280\" data-element_type=\"widget\" data-widget_type=\"pxl_heading.default\">\n\t\t\t\t<div class=\"elementor-widget-container\">\n\t\t\t\t\t<div class=\"pxl-heading-wrap d-flex\">\n    <div class=\"pxl-heading-inner center \">\n                    <div class=\"heading-subtitle \">\n                <div class=\"subtitle-text  pxl-split-text split-in-up\">Leistungen & Services<\/div>\n            <\/div>\n                <h2 class=\"heading-title pxl-split-text split-in-up\">\n                                 <\/h2>\n            <\/div>\n<\/div>\n\n\t\t\t\t<\/div>\n\t\t\t\t<\/div>\n\t\t\t\t<div class=\"elementor-element elementor-element-2191d44 elementor-invisible pxl-elementor-animate elementor-widget elementor-widget-pxl_text_editor\" data-id=\"2191d44\" data-element_type=\"widget\" data-settings=\"{&quot;_animation&quot;:&quot;fadeInUp&quot;}\" data-widget_type=\"pxl_text_editor.default\">\n\t\t\t\t<div class=\"elementor-widget-container\">\n\t\t\t\t\t<div id=\"pxl_text_editor-2191d44-1857\" class=\"pxl-text-editor-wrap d-flex \" >\n\t<div class=\"pxl-text-editor elementor-clearfix\">\n\t\t<p style=\"margin-bottom: 0.28cm;\">In unserem Hotel sorgen wir daf\u00fcr, dass Ihr Aufenthalt so komfortabel und angenehm wie m\u00f6glich ist, indem wir Ihnen eine Reihe von Annehmlichkeiten und Dienstleistungen bieten, die all Ihre Bed\u00fcrfnisse abdecken.<\/p>\t\t\n\t<\/div>\n<\/div>\t\t\t\t<\/div>\n\t\t\t\t<\/div>\n\t\t                    <\/div>\r\n        <\/div>\r\n                <div class=\"elementor-column elementor-col-33 elementor-top-column elementor-element elementor-element-8c06b07 pxl-column-overflow-hidden-yes hidden col-offset-none pxl-column-element-default pxl-pll-transform\" data-id=\"8c06b07\" data-element_type=\"column\">\r\n        <div class=\"elementor-widget-wrap\">\r\n            <div class=\"pxl-column-bg-parallax-outer\"><div class=\"pxl-column-bg-parallax\" data-parallax=\"{&quot;x&quot;:30}\"><\/div><\/div>                            <\/div>\r\n        <\/div>\r\n        \t\t\t<\/div>\n\t\t<\/section>\n\t\t        <section class=\"elementor-section elementor-top-section elementor-element elementor-element-3f280fb elementor-section-boxed elementor-section-height-default elementor-section-height-default pxl-section-static-pos-no pxl-section-overflow-hidden-no pxl-container-margin-auto-no\" data-id=\"3f280fb\" data-element_type=\"section\" data-settings=\"{&quot;background_background&quot;:&quot;classic&quot;}\">\n\n                \n                <div class=\"elementor-container elementor-column-gap-default \">\n                <div class=\"elementor-column elementor-col-33 elementor-top-column elementor-element elementor-element-e56793a col-offset-none pxl-column-element-default pxl-column-overflow-hidden-no\" data-id=\"e56793a\" data-element_type=\"column\">\r\n        <div class=\"elementor-widget-wrap elementor-element-populated\">\r\n                    \t\t<div class=\"elementor-element elementor-element-6adbc9e pxl-fancybox-layout-7 elementor-widget elementor-widget-pxl_fancy_box\" data-id=\"6adbc9e\" data-element_type=\"widget\" data-widget_type=\"pxl_fancy_box.default\">\n\t\t\t\t<div class=\"elementor-widget-container\">\n\t\t\t\t\t \r\n<div class=\"pxl-fancybox-wrap d-flex text-center layout-7\">\r\n    <div class=\"fancybox-inner relative\">\r\n         \r\n                    <div class=\"pxl-fancy-icon relative\">\r\n                                <span aria-hidden=\"true\" class=\"pxl-icon cmli cmli-noun-breakfast\"><\/span>                            <\/div>\r\n                  \r\n        <div class=\"pxl-fancybox-content\">\r\n            <h3 class=\"title pxl-heading\">\r\n                                Reiches Fr\u00fchst\u00fcck                 \r\n            <\/h3>\r\n                            <div class=\"desc\">\r\n                    Starten Sie Ihren Tag mit einem k\u00f6stlichen Fr\u00fchst\u00fcck, das im Zimmerpreis inbegriffen ist.                <\/div>\r\n                    <\/div> \r\n         \r\n    <\/div>  \r\n<\/div>\r\n \r\n\r\n\r\n\r\n\t\t\t\t<\/div>\n\t\t\t\t<\/div>\n\t\t                    <\/div>\r\n        <\/div>\r\n                <div class=\"elementor-column elementor-col-33 elementor-top-column elementor-element elementor-element-660d5d0 col-offset-none pxl-column-element-default pxl-column-overflow-hidden-no\" data-id=\"660d5d0\" data-element_type=\"column\">\r\n        <div class=\"elementor-widget-wrap elementor-element-populated\">\r\n                    \t\t<div class=\"elementor-element elementor-element-483ecaa pxl-fancybox-layout-7 elementor-widget elementor-widget-pxl_fancy_box\" data-id=\"483ecaa\" data-element_type=\"widget\" data-widget_type=\"pxl_fancy_box.default\">\n\t\t\t\t<div class=\"elementor-widget-container\">\n\t\t\t\t\t \r\n<div class=\"pxl-fancybox-wrap d-flex text-center layout-7\">\r\n    <div class=\"fancybox-inner relative\">\r\n         \r\n                    <div class=\"pxl-fancy-icon relative\">\r\n                                <span aria-hidden=\"true\" class=\"pxl-icon fas fa-wifi\"><\/span>                            <\/div>\r\n                  \r\n        <div class=\"pxl-fancybox-content\">\r\n            <h3 class=\"title pxl-heading\">\r\n                                Kostenloses WLAN                 \r\n            <\/h3>\r\n                            <div class=\"desc\">\r\n                    Genie\u00dfen Sie schnellen und stabilen Internetzugang in allen Bereichen des Hotels.                <\/div>\r\n                    <\/div> \r\n         \r\n    <\/div>  \r\n<\/div>\r\n \r\n\r\n\r\n\r\n\t\t\t\t<\/div>\n\t\t\t\t<\/div>\n\t\t                    <\/div>\r\n        <\/div>\r\n                <div class=\"elementor-column elementor-col-33 elementor-top-column elementor-element elementor-element-a407621 col-offset-none pxl-column-element-default pxl-column-overflow-hidden-no\" data-id=\"a407621\" data-element_type=\"column\">\r\n        <div class=\"elementor-widget-wrap elementor-element-populated\">\r\n                    \t\t<div class=\"elementor-element elementor-element-f55ee2b pxl-fancybox-layout-7 elementor-widget elementor-widget-pxl_fancy_box\" data-id=\"f55ee2b\" data-element_type=\"widget\" data-widget_type=\"pxl_fancy_box.default\">\n\t\t\t\t<div class=\"elementor-widget-container\">\n\t\t\t\t\t \r\n<div class=\"pxl-fancybox-wrap d-flex text-center layout-7\">\r\n    <div class=\"fancybox-inner relative\">\r\n         \r\n                    <div class=\"pxl-fancy-icon relative\">\r\n                                <span aria-hidden=\"true\" class=\"pxl-icon zmdi zmdi-parking\"><\/span>                            <\/div>\r\n                  \r\n        <div class=\"pxl-fancybox-content\">\r\n            <h3 class=\"title pxl-heading\">\r\n                                Privater Parkplatz                 \r\n            <\/h3>\r\n                            <div class=\"desc\">\r\n                    Wir bieten unseren G\u00e4sten kostenfreie Parkpl\u00e4tze direkt am Hotel.                <\/div>\r\n                    <\/div> \r\n         \r\n    <\/div>  \r\n<\/div>\r\n \r\n\r\n\r\n\r\n\t\t\t\t<\/div>\n\t\t\t\t<\/div>\n\t\t                    <\/div>\r\n        <\/div>\r\n        \t\t\t<\/div>\n\t\t<\/section>\n\t\t        <section class=\"elementor-section elementor-top-section elementor-element elementor-element-56e72d2 elementor-section-boxed elementor-section-height-default elementor-section-height-default pxl-section-static-pos-no pxl-section-overflow-hidden-no pxl-container-margin-auto-no\" data-id=\"56e72d2\" data-element_type=\"section\" data-settings=\"{&quot;background_background&quot;:&quot;classic&quot;}\">\n\n                \n                <div class=\"elementor-container elementor-column-gap-default \">\n                <div class=\"elementor-column elementor-col-33 elementor-top-column elementor-element elementor-element-ce33c52 col-offset-none pxl-column-element-default pxl-column-overflow-hidden-no\" data-id=\"ce33c52\" data-element_type=\"column\">\r\n        <div class=\"elementor-widget-wrap elementor-element-populated\">\r\n                    \t\t<div class=\"elementor-element elementor-element-6af3f5e pxl-fancybox-layout-7 elementor-widget elementor-widget-pxl_fancy_box\" data-id=\"6af3f5e\" data-element_type=\"widget\" data-widget_type=\"pxl_fancy_box.default\">\n\t\t\t\t<div class=\"elementor-widget-container\">\n\t\t\t\t\t \r\n<div class=\"pxl-fancybox-wrap d-flex text-center layout-7\">\r\n    <div class=\"fancybox-inner relative\">\r\n         \r\n                    <div class=\"pxl-fancy-icon relative\">\r\n                                <span aria-hidden=\"true\" class=\"pxl-icon zmdi zmdi-transform\"><\/span>                            <\/div>\r\n                  \r\n        <div class=\"pxl-fancybox-content\">\r\n            <h3 class=\"title pxl-heading\">\r\n                                Transfer-Service                 \r\n            <\/h3>\r\n                            <div class=\"desc\">\r\n                    Ein Transfer zu und von verschiedenen Orten in der Region ist nach Absprache und gegen Aufpreis m\u00f6glich.                <\/div>\r\n                    <\/div> \r\n         \r\n    <\/div>  \r\n<\/div>\r\n \r\n\r\n\r\n\r\n\t\t\t\t<\/div>\n\t\t\t\t<\/div>\n\t\t                    <\/div>\r\n        <\/div>\r\n                <div class=\"elementor-column elementor-col-33 elementor-top-column elementor-element elementor-element-3762df2 col-offset-none pxl-column-element-default pxl-column-overflow-hidden-no\" data-id=\"3762df2\" data-element_type=\"column\">\r\n        <div class=\"elementor-widget-wrap elementor-element-populated\">\r\n                    \t\t<div class=\"elementor-element elementor-element-72c2325 pxl-fancybox-layout-7 elementor-widget elementor-widget-pxl_fancy_box\" data-id=\"72c2325\" data-element_type=\"widget\" data-widget_type=\"pxl_fancy_box.default\">\n\t\t\t\t<div class=\"elementor-widget-container\">\n\t\t\t\t\t \r\n<div class=\"pxl-fancybox-wrap d-flex text-center layout-7\">\r\n    <div class=\"fancybox-inner relative\">\r\n         \r\n                    <div class=\"pxl-fancy-icon relative\">\r\n                                <span aria-hidden=\"true\" class=\"pxl-icon fas fa-mountain\"><\/span>                            <\/div>\r\n                  \r\n        <div class=\"pxl-fancybox-content\">\r\n            <h3 class=\"title pxl-heading\">\r\n                                Gef\u00fchrte Touren und lokale Erlebnisse                 \r\n            <\/h3>\r\n                            <div class=\"desc\">\r\n                    Entdecken Sie die Region durch organisierte F\u00fchrungen mit erfahrenen Reiseleitern. Dieser Service ist auf Anfrage und gegen Aufpreis verf\u00fcgbar.                <\/div>\r\n                    <\/div> \r\n         \r\n    <\/div>  \r\n<\/div>\r\n \r\n\r\n\r\n\r\n\t\t\t\t<\/div>\n\t\t\t\t<\/div>\n\t\t                    <\/div>\r\n        <\/div>\r\n                <div class=\"elementor-column elementor-col-33 elementor-top-column elementor-element elementor-element-fbfa6f7 col-offset-none pxl-column-element-default pxl-column-overflow-hidden-no\" data-id=\"fbfa6f7\" data-element_type=\"column\">\r\n        <div class=\"elementor-widget-wrap elementor-element-populated\">\r\n                    \t\t<div class=\"elementor-element elementor-element-ea1622c pxl-fancybox-layout-7 elementor-widget elementor-widget-pxl_fancy_box\" data-id=\"ea1622c\" data-element_type=\"widget\" data-widget_type=\"pxl_fancy_box.default\">\n\t\t\t\t<div class=\"elementor-widget-container\">\n\t\t\t\t\t \r\n<div class=\"pxl-fancybox-wrap d-flex text-center layout-7\">\r\n    <div class=\"fancybox-inner relative\">\r\n         \r\n                    <div class=\"pxl-fancy-icon relative\">\r\n                                <span aria-hidden=\"true\" class=\"pxl-icon fas fa-wine-glass-alt\"><\/span>                            <\/div>\r\n                  \r\n        <div class=\"pxl-fancybox-content\">\r\n            <h3 class=\"title pxl-heading\">\r\n                                Organisation von Aktivit\u00e4ten                 \r\n            <\/h3>\r\n                            <div class=\"desc\">\r\n                    Nehmen Sie an einzigartigen lokalen Erlebnissen teil, wie Wanderungen in der Natur, Verkostungen und Besuchen bei regionalen Produzenten, die auf Anfrage organisiert werden.                <\/div>\r\n                    <\/div> \r\n         \r\n    <\/div>  \r\n<\/div>\r\n \r\n\r\n\r\n\r\n\t\t\t\t<\/div>\n\t\t\t\t<\/div>\n\t\t                    <\/div>\r\n        <\/div>\r\n        \t\t\t<\/div>\n\t\t<\/section>\n\t\t        <section class=\"elementor-section elementor-top-section elementor-element elementor-element-f944a7e elementor-section-full_width hidden elementor-section-height-default elementor-section-height-default pxl-section-offset-none pxl-section-static-pos-no pxl-section-overflow-hidden-no pxl-container-margin-auto-no\" data-id=\"f944a7e\" data-element_type=\"section\">\n\n                \n                <div class=\"elementor-container elementor-column-gap-default \">\n                <div class=\"elementor-column elementor-col-100 elementor-top-column elementor-element elementor-element-c82ffac col-offset-none pxl-column-element-default pxl-column-overflow-hidden-no\" data-id=\"c82ffac\" data-element_type=\"column\">\r\n        <div class=\"elementor-widget-wrap elementor-element-populated\">\r\n                    \t\t<div class=\"elementor-element elementor-element-fb807c7 pxl-swiper-arrows-true pxl-gallery-carousel-layout-2 pxl-bg-mode-basic pxl-swiper-dots-false pxl-swiper-dots-color-mode-df elementor-widget elementor-widget-pxl_gallery_carousel\" data-id=\"fb807c7\" data-element_type=\"widget\" data-widget_type=\"pxl_gallery_carousel.default\">\n\t\t\t\t<div class=\"elementor-widget-container\">\n\t\t\t\t\t \r\n<div class=\"pxl-swiper-slider pxl-gallery-carousel layout-2  basic\">\r\n    <div class=\"pxl-swiper-slider-wrap pxl-carousel-inner overflow-hidden\">\r\n        <div class=\"pxl-swiper-container\" dir=\"ltr\" data-settings=\"{&quot;slide_direction&quot;:&quot;horizontal&quot;,&quot;slide_percolumn&quot;:1,&quot;slide_mode&quot;:&quot;slide&quot;,&quot;slides_to_show_xxl&quot;:4,&quot;slides_to_show&quot;:4,&quot;slides_to_show_lg&quot;:3,&quot;slides_to_show_md&quot;:3,&quot;slides_to_show_sm&quot;:2,&quot;slides_to_show_xs&quot;:2,&quot;slides_to_scroll&quot;:1,&quot;slides_gutter&quot;:30,&quot;center_slide&quot;:false,&quot;dots_style&quot;:&quot;bullets&quot;,&quot;autoplay&quot;:false,&quot;pause_on_hover&quot;:false,&quot;pause_on_interaction&quot;:true,&quot;delay&quot;:5000,&quot;loop&quot;:true,&quot;speed&quot;:500}\">\r\n            <div class=\"pxl-swiper-wrapper swiper-wrapper\">\r\n                                    <div class=\"pxl-swiper-slide swiper-slide\">\r\n                        <div class=\"item-inner relative overflow-hidden \">\r\n                                                            <div class=\"item-image\">\r\n                                    <img fetchpriority=\"high\" decoding=\"async\" class=\"no-lazyload \" src=\"https:\/\/thea-naousa.gr\/wp-content\/uploads\/2023\/01\/gal-crs1-442x597.jpg\" width=\"442\" height=\"597\" alt=\"gal-crs1\" title=\"gal-crs1\" \/>                                <\/div>\r\n                                                                                                <div class=\"pxl-overlay\"><\/div>\r\n                                <a data-elementor-lightbox-slideshow=\"fb807c7\" class=\"pxl-galleries-light-box\" href=\"https:\/\/thea-naousa.gr\/wp-content\/uploads\/2023\/01\/gal-crs1.jpg\" data-id=\"4579\" data-elementor-lightbox-title=\"\"><\/a>\r\n                                                    <\/div>\r\n                    <\/div>\r\n                                    <div class=\"pxl-swiper-slide swiper-slide\">\r\n                        <div class=\"item-inner relative overflow-hidden \">\r\n                                                            <div class=\"item-image\">\r\n                                    <img fetchpriority=\"high\" decoding=\"async\" class=\"no-lazyload \" src=\"https:\/\/thea-naousa.gr\/wp-content\/uploads\/2023\/01\/gal-crs1-442x597.jpg\" width=\"442\" height=\"597\" alt=\"gal-crs1\" title=\"gal-crs1\" \/>                                <\/div>\r\n                                                                                                <div class=\"pxl-overlay\"><\/div>\r\n                                <a data-elementor-lightbox-slideshow=\"fb807c7\" class=\"pxl-galleries-light-box\" href=\"https:\/\/thea-naousa.gr\/wp-content\/uploads\/2023\/01\/gal-crs2.jpg\" data-id=\"4580\" data-elementor-lightbox-title=\"\"><\/a>\r\n                                                    <\/div>\r\n                    <\/div>\r\n                                    <div class=\"pxl-swiper-slide swiper-slide\">\r\n                        <div class=\"item-inner relative overflow-hidden \">\r\n                                                            <div class=\"item-image\">\r\n                                    <img fetchpriority=\"high\" decoding=\"async\" class=\"no-lazyload \" src=\"https:\/\/thea-naousa.gr\/wp-content\/uploads\/2023\/01\/gal-crs1-442x597.jpg\" width=\"442\" height=\"597\" alt=\"gal-crs1\" title=\"gal-crs1\" \/>                                <\/div>\r\n                                                                                                <div class=\"pxl-overlay\"><\/div>\r\n                                <a data-elementor-lightbox-slideshow=\"fb807c7\" class=\"pxl-galleries-light-box\" href=\"https:\/\/thea-naousa.gr\/wp-content\/uploads\/2023\/01\/gal-crs3.jpg\" data-id=\"4581\" data-elementor-lightbox-title=\"\"><\/a>\r\n                                                    <\/div>\r\n                    <\/div>\r\n                                    <div class=\"pxl-swiper-slide swiper-slide\">\r\n                        <div class=\"item-inner relative overflow-hidden \">\r\n                                                            <div class=\"item-image\">\r\n                                    <img decoding=\"async\" class=\"no-lazyload \" src=\"https:\/\/thea-naousa.gr\/wp-content\/uploads\/2023\/01\/gal-crs2-442x597.jpg\" width=\"442\" height=\"597\" alt=\"gal-crs2\" title=\"gal-crs2\" \/>                                <\/div>\r\n                                                                                                <div class=\"pxl-overlay\"><\/div>\r\n                                <a data-elementor-lightbox-slideshow=\"fb807c7\" class=\"pxl-galleries-light-box\" href=\"https:\/\/thea-naousa.gr\/wp-content\/uploads\/2023\/01\/gal-crs4.jpg\" data-id=\"4582\" data-elementor-lightbox-title=\"\"><\/a>\r\n                                                    <\/div>\r\n                    <\/div>\r\n                            <\/div>    \r\n        <\/div>\r\n    <\/div>\r\n            <div class=\"pxl-swiper-arrows nav-in-vertical arrow-on-hover\">\r\n            <div class=\"pxl-swiper-arrow pxl-swiper-arrow-prev\">\r\n                <span class=\"pxl-icon pxli-left-arrow\"><\/span> \r\n            <\/div>\r\n            <div class=\"pxl-swiper-arrow pxl-swiper-arrow-next\">\r\n                <span class=\"pxl-icon pxli-right-arrow\"><\/span>            <\/div>\r\n        <\/div>\r\n        <\/div>\r\n \r\n\t\t\t\t<\/div>\n\t\t\t\t<\/div>\n\t\t                    <\/div>\r\n        <\/div>\r\n        \t\t\t<\/div>\n\t\t<\/section>\n\t\t\t\t<\/div>\n\t\t","protected":false},"excerpt":{"rendered":"<p>Leistungen &amp; Services In unserem Hotel sorgen wir daf\u00fcr, dass Ihr Aufenthalt so komfortabel und angenehm wie m\u00f6glich ist, indem wir Ihnen eine Reihe von Annehmlichkeiten und Dienstleistungen bieten, die all Ihre Bed\u00fcrfnisse abdecken. Reiches Fr\u00fchst\u00fcck Starten Sie Ihren Tag mit einem k\u00f6stlichen Fr\u00fchst\u00fcck, das im Zimmerpreis inbegriffen ist. Kostenloses WLAN Genie\u00dfen Sie schnellen und [&hellip;]<\/p>\n","protected":false},"author":2,"featured_media":0,"parent":0,"menu_order":0,"comment_status":"closed","ping_status":"closed","template":"","meta":{"footnotes":""},"class_list":["post-17179","page","type-page","status-publish","hentry"],"_links":{"self":[{"href":"https:\/\/thea-naousa.gr\/de\/wp-json\/wp\/v2\/pages\/17179","targetHints":{"allow":["GET"]}}],"collection":[{"href":"https:\/\/thea-naousa.gr\/de\/wp-json\/wp\/v2\/pages"}],"about":[{"href":"https:\/\/thea-naousa.gr\/de\/wp-json\/wp\/v2\/types\/page"}],"author":[{"embeddable":true,"href":"https:\/\/thea-naousa.gr\/de\/wp-json\/wp\/v2\/users\/2"}],"replies":[{"embeddable":true,"href":"https:\/\/thea-naousa.gr\/de\/wp-json\/wp\/v2\/comments?post=17179"}],"version-history":[{"count":11,"href":"https:\/\/thea-naousa.gr\/de\/wp-json\/wp\/v2\/pages\/17179\/revisions"}],"predecessor-version":[{"id":17560,"href":"https:\/\/thea-naousa.gr\/de\/wp-json\/wp\/v2\/pages\/17179\/revisions\/17560"}],"wp:attachment":[{"href":"https:\/\/thea-naousa.gr\/de\/wp-json\/wp\/v2\/media?parent=17179"}],"curies":[{"name":"wp","href":"https:\/\/api.w.org\/{rel}","templated":true}]}}