{"id":17171,"date":"2022-08-29T03:49:58","date_gmt":"2022-08-29T01:49:58","guid":{"rendered":"https:\/\/thea-naousa.gr\/besondere-pakete-veranstaltungen\/"},"modified":"2025-07-21T17:17:53","modified_gmt":"2025-07-21T15:17:53","slug":"besondere-pakete-veranstaltungen","status":"publish","type":"page","link":"https:\/\/thea-naousa.gr\/de\/besondere-pakete-veranstaltungen\/","title":{"rendered":"Besondere Pakete &#038; Veranstaltungen"},"content":{"rendered":"\t\t<div data-elementor-type=\"wp-page\" data-elementor-id=\"17171\" class=\"elementor elementor-17171 elementor-231\">\n\t\t\t\t        <section class=\"elementor-section elementor-top-section elementor-element elementor-element-d7a07b1 elementor-section-boxed elementor-section-height-default elementor-section-height-default pxl-section-static-pos-no pxl-section-overflow-hidden-no pxl-container-margin-auto-no\" data-id=\"d7a07b1\" data-element_type=\"section\">\n\n                \n                <div class=\"elementor-container elementor-column-gap-no \">\n                <div class=\"elementor-column elementor-col-50 elementor-top-column elementor-element elementor-element-89d5209 col-offset-none pxl-column-element-default\" data-id=\"89d5209\" data-element_type=\"column\">\r\n        <div class=\"elementor-widget-wrap elementor-element-populated\">\r\n                    \t\t<div class=\"elementor-element elementor-element-cc14855 elementor-widget elementor-widget-pxl_image\" data-id=\"cc14855\" data-element_type=\"widget\" data-widget_type=\"pxl_image.default\">\n\t\t\t\t<div class=\"elementor-widget-container\">\n\t\t\t\t\t<div id=\"pxl_image-cc14855-9300\" class=\"pxl-image-wg default pxl-bg-parallax pxl-pll-transform\">\r\n\t\t\t<img fetchpriority=\"high\" decoding=\"async\" width=\"1920\" height=\"1000\" src=\"https:\/\/thea-naousa.gr\/wp-content\/uploads\/2024\/02\/Agia-Nikolaos_1920x1000-1.jpg\" class=\"attachment-full size-full wp-image-16802\" alt=\"\" srcset=\"https:\/\/thea-naousa.gr\/wp-content\/uploads\/2024\/02\/Agia-Nikolaos_1920x1000-1.jpg 1920w, https:\/\/thea-naousa.gr\/wp-content\/uploads\/2024\/02\/Agia-Nikolaos_1920x1000-1-768x400.jpg 768w, https:\/\/thea-naousa.gr\/wp-content\/uploads\/2024\/02\/Agia-Nikolaos_1920x1000-1-1536x800.jpg 1536w, https:\/\/thea-naousa.gr\/wp-content\/uploads\/2024\/02\/Agia-Nikolaos_1920x1000-1-1170x609.jpg 1170w, https:\/\/thea-naousa.gr\/wp-content\/uploads\/2024\/02\/Agia-Nikolaos_1920x1000-1-600x313.jpg 600w\" sizes=\"(max-width: 1920px) 100vw, 1920px\" \/>\t\t\t\t\t<div class=\"parallax-inner\" data-parallax=\"{&quot;x&quot;:30}\"  style=\"--pxl-image-bg-parallax-inner: url(https:\/\/thea-naousa.gr\/wp-content\/uploads\/2024\/02\/Agia-Nikolaos_1920x1000-1.jpg)\"><\/div>\r\n\t\t\t<\/div>\r\n\t\t\t\t<\/div>\n\t\t\t\t<\/div>\n\t\t                    <\/div>\r\n        <\/div>\r\n                <div class=\"elementor-column elementor-col-50 elementor-top-column elementor-element elementor-element-4e937a2 col-offset-none pxl-column-element-default pxl-column-overflow-hidden-no\" data-id=\"4e937a2\" data-element_type=\"column\" data-settings=\"{&quot;background_background&quot;:&quot;classic&quot;}\">\r\n        <div class=\"elementor-widget-wrap elementor-element-populated\">\r\n                    \t\t<div class=\"elementor-element elementor-element-94fa84b elementor-widget elementor-widget-pxl_heading\" data-id=\"94fa84b\" data-element_type=\"widget\" data-widget_type=\"pxl_heading.default\">\n\t\t\t\t<div class=\"elementor-widget-container\">\n\t\t\t\t\t<div class=\"pxl-heading-wrap d-flex\">\n    <div class=\"pxl-heading-inner center \">\n                    <div class=\"heading-subtitle \">\n                <div class=\"subtitle-text \">Spezielle Angebote f\u00fcr organisierte Gruppen<\/div>\n            <\/div>\n                <h2 class=\"heading-title\">\n                                 <\/h2>\n            <\/div>\n<\/div>\n\n\t\t\t\t<\/div>\n\t\t\t\t<\/div>\n\t\t\t\t<div class=\"elementor-element elementor-element-b960f07 elementor-widget elementor-widget-pxl_divider\" data-id=\"b960f07\" data-element_type=\"widget\" data-widget_type=\"pxl_divider.default\">\n\t\t\t\t<div class=\"elementor-widget-container\">\n\t\t\t\t\t<div class=\"pxl-divider horizontal animated center normal\"><div class=\"pxl-divider-separator\"><\/div><\/div>\t\t\t\t<\/div>\n\t\t\t\t<\/div>\n\t\t\t\t<div class=\"elementor-element elementor-element-3de4a36 elementor-widget elementor-widget-pxl_text_editor\" data-id=\"3de4a36\" data-element_type=\"widget\" data-widget_type=\"pxl_text_editor.default\">\n\t\t\t\t<div class=\"elementor-widget-container\">\n\t\t\t\t\t<div id=\"pxl_text_editor-3de4a36-8235\" class=\"pxl-text-editor-wrap d-flex \" >\n\t<div class=\"pxl-text-editor elementor-clearfix\">\n\t\t<p>Wenn Sie eine Gruppenreise, einen Firmenausflug oder eine andere gemeinsame Aktivit\u00e4t planen, k\u00f6nnen wir Unterkunfts- und Aktivit\u00e4tspakete ma\u00dfgeschneidert auf die Bed\u00fcrfnisse Ihrer Gruppe anbieten.<\/p>\t\t\n\t<\/div>\n<\/div>\t\t\t\t<\/div>\n\t\t\t\t<\/div>\n\t\t                    <\/div>\r\n        <\/div>\r\n        \t\t\t<\/div>\n\t\t<\/section>\n\t\t        <section class=\"elementor-section elementor-top-section elementor-element elementor-element-9fb656a elementor-reverse-mobile elementor-section-boxed elementor-section-height-default elementor-section-height-default pxl-section-static-pos-no pxl-section-overflow-hidden-no pxl-container-margin-auto-no\" data-id=\"9fb656a\" data-element_type=\"section\">\n\n                \n                <div class=\"elementor-container elementor-column-gap-no \">\n                <div class=\"elementor-column elementor-col-50 elementor-top-column elementor-element elementor-element-e443d55 col-offset-none pxl-column-element-default pxl-column-overflow-hidden-no\" data-id=\"e443d55\" data-element_type=\"column\" data-settings=\"{&quot;background_background&quot;:&quot;classic&quot;}\">\r\n        <div class=\"elementor-widget-wrap elementor-element-populated\">\r\n                    \t\t<div class=\"elementor-element elementor-element-b90e514 elementor-widget elementor-widget-pxl_heading\" data-id=\"b90e514\" data-element_type=\"widget\" data-widget_type=\"pxl_heading.default\">\n\t\t\t\t<div class=\"elementor-widget-container\">\n\t\t\t\t\t<div class=\"pxl-heading-wrap d-flex\">\n    <div class=\"pxl-heading-inner center \">\n                    <div class=\"heading-subtitle \">\n                <div class=\"subtitle-text \">Veranstaltungsfl\u00e4che im Au\u00dfenbereich<\/div>\n            <\/div>\n                <h2 class=\"heading-title\">\n                                 <\/h2>\n            <\/div>\n<\/div>\n\n\t\t\t\t<\/div>\n\t\t\t\t<\/div>\n\t\t\t\t<div class=\"elementor-element elementor-element-b7424bd elementor-widget elementor-widget-pxl_divider\" data-id=\"b7424bd\" data-element_type=\"widget\" data-widget_type=\"pxl_divider.default\">\n\t\t\t\t<div class=\"elementor-widget-container\">\n\t\t\t\t\t<div class=\"pxl-divider horizontal animated center normal\"><div class=\"pxl-divider-separator\"><\/div><\/div>\t\t\t\t<\/div>\n\t\t\t\t<\/div>\n\t\t\t\t<div class=\"elementor-element elementor-element-a722435 elementor-widget elementor-widget-pxl_text_editor\" data-id=\"a722435\" data-element_type=\"widget\" data-widget_type=\"pxl_text_editor.default\">\n\t\t\t\t<div class=\"elementor-widget-container\">\n\t\t\t\t\t<div id=\"pxl_text_editor-a722435-3068\" class=\"pxl-text-editor-wrap d-flex \" >\n\t<div class=\"pxl-text-editor elementor-clearfix\">\n\t\t<p data-start=\"0\" data-end=\"120\">Der Au\u00dfenbereich unseres Hotels steht f\u00fcr die Ausrichtung von Veranstaltungen aller Art zur Verf\u00fcgung, wie zum Beispiel:<\/p><ul><li data-start=\"124\" data-end=\"145\">Hochzeiten &amp; Taufen<\/li><li data-start=\"148\" data-end=\"181\">Abende mit Live-Musik oder Tanz<\/li><li data-start=\"184\" data-end=\"219\">Themenabende oder kleine Empf\u00e4nge<\/li><li data-start=\"222\" data-end=\"289\">Gruppenaktivit\u00e4ten wie Pilates, Yoga-Sessions und Wellness-Seminare<\/li><\/ul>\t\t\n\t<\/div>\n<\/div>\t\t\t\t<\/div>\n\t\t\t\t<\/div>\n\t\t                    <\/div>\r\n        <\/div>\r\n                <div class=\"elementor-column elementor-col-50 elementor-top-column elementor-element elementor-element-b05f76a col-offset-none pxl-column-element-default\" data-id=\"b05f76a\" data-element_type=\"column\">\r\n        <div class=\"elementor-widget-wrap elementor-element-populated\">\r\n                    \t\t<div class=\"elementor-element elementor-element-f91799a elementor-widget elementor-widget-pxl_image\" data-id=\"f91799a\" data-element_type=\"widget\" data-widget_type=\"pxl_image.default\">\n\t\t\t\t<div class=\"elementor-widget-container\">\n\t\t\t\t\t<div id=\"pxl_image-f91799a-8307\" class=\"pxl-image-wg default pxl-bg-parallax pxl-pll-transform\">\r\n\t\t\t<img decoding=\"async\" width=\"800\" height=\"600\" src=\"https:\/\/thea-naousa.gr\/wp-content\/uploads\/2024\/02\/Studio-1-5_800x600.jpg\" class=\"attachment-full size-full wp-image-16697\" alt=\"\" srcset=\"https:\/\/thea-naousa.gr\/wp-content\/uploads\/2024\/02\/Studio-1-5_800x600.jpg 800w, https:\/\/thea-naousa.gr\/wp-content\/uploads\/2024\/02\/Studio-1-5_800x600-768x576.jpg 768w, https:\/\/thea-naousa.gr\/wp-content\/uploads\/2024\/02\/Studio-1-5_800x600-600x450.jpg 600w\" sizes=\"(max-width: 800px) 100vw, 800px\" \/>\t\t\t\t\t<div class=\"parallax-inner\" data-parallax=\"{&quot;x&quot;:-30}\"  style=\"--pxl-image-bg-parallax-inner: url(https:\/\/thea-naousa.gr\/wp-content\/uploads\/2024\/02\/Studio-1-5_800x600.jpg)\"><\/div>\r\n\t\t\t<\/div>\r\n\t\t\t\t<\/div>\n\t\t\t\t<\/div>\n\t\t                    <\/div>\r\n        <\/div>\r\n        \t\t\t<\/div>\n\t\t<\/section>\n\t\t\t\t<\/div>\n\t\t","protected":false},"excerpt":{"rendered":"<p>Spezielle Angebote f\u00fcr organisierte Gruppen Wenn Sie eine Gruppenreise, einen Firmenausflug oder eine andere gemeinsame Aktivit\u00e4t planen, k\u00f6nnen wir Unterkunfts- und Aktivit\u00e4tspakete ma\u00dfgeschneidert auf die Bed\u00fcrfnisse Ihrer Gruppe anbieten. Veranstaltungsfl\u00e4che im Au\u00dfenbereich Der Au\u00dfenbereich unseres Hotels steht f\u00fcr die Ausrichtung von Veranstaltungen aller Art zur Verf\u00fcgung, wie zum Beispiel: Hochzeiten &amp; Taufen Abende mit Live-Musik [&hellip;]<\/p>\n","protected":false},"author":2,"featured_media":0,"parent":0,"menu_order":0,"comment_status":"closed","ping_status":"closed","template":"","meta":{"footnotes":""},"class_list":["post-17171","page","type-page","status-publish","hentry"],"_links":{"self":[{"href":"https:\/\/thea-naousa.gr\/de\/wp-json\/wp\/v2\/pages\/17171","targetHints":{"allow":["GET"]}}],"collection":[{"href":"https:\/\/thea-naousa.gr\/de\/wp-json\/wp\/v2\/pages"}],"about":[{"href":"https:\/\/thea-naousa.gr\/de\/wp-json\/wp\/v2\/types\/page"}],"author":[{"embeddable":true,"href":"https:\/\/thea-naousa.gr\/de\/wp-json\/wp\/v2\/users\/2"}],"replies":[{"embeddable":true,"href":"https:\/\/thea-naousa.gr\/de\/wp-json\/wp\/v2\/comments?post=17171"}],"version-history":[{"count":10,"href":"https:\/\/thea-naousa.gr\/de\/wp-json\/wp\/v2\/pages\/17171\/revisions"}],"predecessor-version":[{"id":17555,"href":"https:\/\/thea-naousa.gr\/de\/wp-json\/wp\/v2\/pages\/17171\/revisions\/17555"}],"wp:attachment":[{"href":"https:\/\/thea-naousa.gr\/de\/wp-json\/wp\/v2\/media?parent=17171"}],"curies":[{"name":"wp","href":"https:\/\/api.w.org\/{rel}","templated":true}]}}