{"id":17031,"date":"2022-10-03T01:54:40","date_gmt":"2022-10-02T23:54:40","guid":{"rendered":"https:\/\/thea-naousa.gr\/ueber-uns\/"},"modified":"2025-09-04T18:10:29","modified_gmt":"2025-09-04T16:10:29","slug":"ueber-uns","status":"publish","type":"page","link":"https:\/\/thea-naousa.gr\/de\/ueber-uns\/","title":{"rendered":"\u00dcber Uns"},"content":{"rendered":"\t\t<div data-elementor-type=\"wp-page\" data-elementor-id=\"17031\" class=\"elementor elementor-17031 elementor-2478\">\n\t\t\t\t        <section class=\"elementor-section elementor-top-section elementor-element elementor-element-a1d6795 elementor-section-boxed elementor-section-height-default elementor-section-height-default pxl-section-static-pos-no pxl-section-overflow-hidden-no pxl-container-margin-auto-no\" data-id=\"a1d6795\" data-element_type=\"section\">\n\n                \n                <div class=\"elementor-container elementor-column-gap-default \">\n                <div class=\"elementor-column elementor-col-100 elementor-top-column elementor-element elementor-element-278495d col-offset-none pxl-column-element-default pxl-column-overflow-hidden-no\" data-id=\"278495d\" data-element_type=\"column\">\r\n        <div class=\"elementor-widget-wrap\">\r\n                                        <\/div>\r\n        <\/div>\r\n        \t\t\t<\/div>\n\t\t<\/section>\n\t\t        <section class=\"elementor-section elementor-top-section elementor-element elementor-element-fec18af elementor-section-content-middle elementor-section-boxed elementor-section-height-default elementor-section-height-default pxl-section-static-pos-no pxl-section-overflow-hidden-no pxl-container-margin-auto-no\" data-id=\"fec18af\" data-element_type=\"section\">\n\n                            <div class=\"elementor-background-overlay\"><\/div>\n            \n                <div class=\"elementor-container elementor-column-gap-default \">\n                <div class=\"elementor-column elementor-col-50 elementor-top-column elementor-element elementor-element-8d1c7d0 pxl-column-overflow-hidden-yes col-offset-none pxl-column-element-default\" data-id=\"8d1c7d0\" data-element_type=\"column\">\r\n        <div class=\"elementor-widget-wrap elementor-element-populated\">\r\n                    \t\t<div class=\"elementor-element elementor-element-12caf8c elementor-widget elementor-widget-pxl_image\" data-id=\"12caf8c\" data-element_type=\"widget\" data-widget_type=\"pxl_image.default\">\n\t\t\t\t<div class=\"elementor-widget-container\">\n\t\t\t\t\t<div id=\"pxl_image-12caf8c-5753\" class=\"pxl-image-wg default\" data-parallax=\"{&quot;y&quot;:&quot;20&quot;}\">\r\n\t\t\t<img fetchpriority=\"high\" decoding=\"async\" width=\"1179\" height=\"1208\" src=\"https:\/\/thea-naousa.gr\/wp-content\/uploads\/2025\/09\/IMG_6579.jpg\" class=\"attachment-full size-full wp-image-17692\" alt=\"\" srcset=\"https:\/\/thea-naousa.gr\/wp-content\/uploads\/2025\/09\/IMG_6579.jpg 1179w, https:\/\/thea-naousa.gr\/wp-content\/uploads\/2025\/09\/IMG_6579-768x787.jpg 768w, https:\/\/thea-naousa.gr\/wp-content\/uploads\/2025\/09\/IMG_6579-693x710.jpg 693w\" sizes=\"(max-width: 1179px) 100vw, 1179px\" \/>\t\t\t<\/div>\r\n\t\t\t\t<\/div>\n\t\t\t\t<\/div>\n\t\t                    <\/div>\r\n        <\/div>\r\n                <div class=\"elementor-column elementor-col-50 elementor-top-column elementor-element elementor-element-af63ae6 col-offset-none pxl-column-element-default pxl-column-overflow-hidden-no\" data-id=\"af63ae6\" data-element_type=\"column\" data-settings=\"{&quot;background_background&quot;:&quot;classic&quot;}\">\r\n        <div class=\"elementor-widget-wrap elementor-element-populated\">\r\n                                <div class=\"elementor-background-overlay\"><\/div>\r\n        \t\t<div class=\"elementor-element elementor-element-ace6382 elementor-widget__width-initial elementor-widget elementor-widget-pxl_heading\" data-id=\"ace6382\" data-element_type=\"widget\" data-widget_type=\"pxl_heading.default\">\n\t\t\t\t<div class=\"elementor-widget-container\">\n\t\t\t\t\t<div class=\"pxl-heading-wrap d-flex\">\n    <div class=\"pxl-heading-inner start \">\n                    <div class=\"heading-subtitle divider-left\">\n                <div class=\"subtitle-text  pxl-split-text split-in-right\">Unsere Philosophie<\/div>\n            <\/div>\n                <h2 class=\"heading-title\">\n                                 <\/h2>\n            <\/div>\n<\/div>\n\n\t\t\t\t<\/div>\n\t\t\t\t<\/div>\n\t\t\t\t<div class=\"elementor-element elementor-element-0d60ee1 elementor-widget elementor-widget-pxl_text_editor\" data-id=\"0d60ee1\" data-element_type=\"widget\" data-widget_type=\"pxl_text_editor.default\">\n\t\t\t\t<div class=\"elementor-widget-container\">\n\t\t\t\t\t<div id=\"pxl_text_editor-0d60ee1-4758\" class=\"pxl-text-editor-wrap d-flex \" >\n\t<div class=\"pxl-text-editor elementor-clearfix\">\n\t\t<p>Im Thea Hotel glauben wir, dass Gastfreundschaft nicht nur eine Dienstleistung ist, sondern eine Lebenshaltung. Jeder Besucher ist ein willkommener Gast, jeder Aufenthalt ein Erlebnis voller W\u00e4rme und Authentizit\u00e4t. Indem wir modernen Komfort mit dem Geist der Tradition verbinden, schaffen wir eine Umgebung, in der echte griechische Gastfreundschaft lebendig wird.<\/p>\t\t\n\t<\/div>\n<\/div>\t\t\t\t<\/div>\n\t\t\t\t<\/div>\n\t\t\t\t<div class=\"elementor-element elementor-element-c6024a7 elementor-widget elementor-widget-pxl_text_editor\" data-id=\"c6024a7\" data-element_type=\"widget\" data-widget_type=\"pxl_text_editor.default\">\n\t\t\t\t<div class=\"elementor-widget-container\">\n\t\t\t\t\t<div id=\"pxl_text_editor-c6024a7-7487\" class=\"pxl-text-editor-wrap d-flex \" >\n\t<div class=\"pxl-text-editor elementor-clearfix\">\n\t\t<p data-start=\"61\" data-end=\"413\">Wir streben danach, mehr als nur ein \u00dcbernachtungsort zu sein. Ausgehend von der Vision unseres Gr\u00fcnders, Dimitris Barbaroussis \u2013 Tanzlehrer, der seit Jahrzehnten Br\u00fccken zwischen Kulturen \u00fcber das griechische Musik- und Tanz-Erbe baut \u2013 ist unser Hotel ein Ort, an dem nat\u00fcrliche Sch\u00f6nheit, Geschichte und Kultur harmonisch miteinander verschmelzen.<\/p><p data-start=\"415\" data-end=\"589\" data-is-last-node=\"\" data-is-only-node=\"\">Unser Ziel ist es, jeden Aufenthalt zu einer einzigartigen Erfahrung zu machen \u2013 zu einer inneren und \u00e4u\u00dferen Reise in den authentischen Charakter von Naoussa und Makedonien.<\/p>\t\t\n\t<\/div>\n<\/div>\t\t\t\t<\/div>\n\t\t\t\t<\/div>\n\t\t                    <\/div>\r\n        <\/div>\r\n        \t\t\t<\/div>\n\t\t<\/section>\n\t\t        <section class=\"elementor-section elementor-top-section elementor-element elementor-element-ad8463d elementor-section-boxed elementor-section-height-default elementor-section-height-default pxl-section-static-pos-no pxl-section-overflow-hidden-no pxl-container-margin-auto-no\" data-id=\"ad8463d\" data-element_type=\"section\">\n\n                \n                <div class=\"elementor-container elementor-column-gap-default \">\n                <div class=\"elementor-column elementor-col-100 elementor-top-column elementor-element elementor-element-505221b col-offset-none pxl-column-element-default pxl-column-overflow-hidden-no\" data-id=\"505221b\" data-element_type=\"column\">\r\n        <div class=\"elementor-widget-wrap\">\r\n                                        <\/div>\r\n        <\/div>\r\n        \t\t\t<\/div>\n\t\t<\/section>\n\t\t        <section class=\"elementor-section elementor-top-section elementor-element elementor-element-9d3c600 elementor-section-content-middle elementor-section-boxed elementor-section-height-default elementor-section-height-default pxl-section-static-pos-no pxl-section-overflow-hidden-no pxl-container-margin-auto-no\" data-id=\"9d3c600\" data-element_type=\"section\">\n\n                            <div class=\"elementor-background-overlay\"><\/div>\n            \n                <div class=\"elementor-container elementor-column-gap-default \">\n                <div class=\"elementor-column elementor-col-50 elementor-top-column elementor-element elementor-element-a4ef386 pxl-column-overflow-hidden-yes col-offset-none pxl-column-element-default\" data-id=\"a4ef386\" data-element_type=\"column\">\r\n        <div class=\"elementor-widget-wrap elementor-element-populated\">\r\n                    \t\t<div class=\"elementor-element elementor-element-5afbe78 elementor-widget elementor-widget-pxl_image\" data-id=\"5afbe78\" data-element_type=\"widget\" data-widget_type=\"pxl_image.default\">\n\t\t\t\t<div class=\"elementor-widget-container\">\n\t\t\t\t\t<div id=\"pxl_image-5afbe78-6167\" class=\"pxl-image-wg default\" data-parallax=\"{&quot;y&quot;:&quot;20&quot;}\">\r\n\t\t\t<img decoding=\"async\" width=\"956\" height=\"720\" src=\"https:\/\/thea-naousa.gr\/wp-content\/uploads\/2025\/05\/IMG_6121-e1747933229190.jpg\" class=\"attachment-full size-full wp-image-16624\" alt=\"\" srcset=\"https:\/\/thea-naousa.gr\/wp-content\/uploads\/2025\/05\/IMG_6121-e1747933229190.jpg 956w, https:\/\/thea-naousa.gr\/wp-content\/uploads\/2025\/05\/IMG_6121-e1747933229190-768x578.jpg 768w, https:\/\/thea-naousa.gr\/wp-content\/uploads\/2025\/05\/IMG_6121-e1747933229190-943x710.jpg 943w, https:\/\/thea-naousa.gr\/wp-content\/uploads\/2025\/05\/IMG_6121-e1747933229190-600x452.jpg 600w\" sizes=\"(max-width: 956px) 100vw, 956px\" \/>\t\t\t<\/div>\r\n\t\t\t\t<\/div>\n\t\t\t\t<\/div>\n\t\t                    <\/div>\r\n        <\/div>\r\n                <div class=\"elementor-column elementor-col-50 elementor-top-column elementor-element elementor-element-e2f7f05 col-offset-none pxl-column-element-default pxl-column-overflow-hidden-no\" data-id=\"e2f7f05\" data-element_type=\"column\" data-settings=\"{&quot;background_background&quot;:&quot;classic&quot;}\">\r\n        <div class=\"elementor-widget-wrap elementor-element-populated\">\r\n                                <div class=\"elementor-background-overlay\"><\/div>\r\n        \t\t<div class=\"elementor-element elementor-element-4718162 elementor-invisible pxl-elementor-animate elementor-widget elementor-widget-pxl_heading\" data-id=\"4718162\" data-element_type=\"widget\" data-settings=\"{&quot;_animation&quot;:&quot;fadeInUp&quot;}\" data-widget_type=\"pxl_heading.default\">\n\t\t\t\t<div class=\"elementor-widget-container\">\n\t\t\t\t\t<div class=\"pxl-heading-wrap d-flex\">\n    <div class=\"pxl-heading-inner  \">\n                <h2 class=\"heading-title pxl-split-text split-in-right\">\n                        Die Geschichte des Hotels Thea         <\/h2>\n            <\/div>\n<\/div>\n\n\t\t\t\t<\/div>\n\t\t\t\t<\/div>\n\t\t\t\t<div class=\"elementor-element elementor-element-c63b6ea elementor-invisible pxl-elementor-animate elementor-widget elementor-widget-pxl_text_editor\" data-id=\"c63b6ea\" data-element_type=\"widget\" data-settings=\"{&quot;_animation&quot;:&quot;fadeInUp&quot;}\" data-widget_type=\"pxl_text_editor.default\">\n\t\t\t\t<div class=\"elementor-widget-container\">\n\t\t\t\t\t<div id=\"pxl_text_editor-c63b6ea-2247\" class=\"pxl-text-editor-wrap d-flex \" >\n\t<div class=\"pxl-text-editor elementor-clearfix\">\n\t\t<p data-start=\"61\" data-end=\"347\">Die Idee des Hotels Thea wurde von Dimitris Barbaroussis ins Leben gerufen \u2013 einem Mann, der sein Leben der griechischen Tradition gewidmet hat. Als Tanzlehrer und Organisator kultureller Reisen in ganz Griechenland tr\u00e4umte er von einem Ort, an dem Gastfreundschaft auf Kultur trifft.<\/p><p data-start=\"349\" data-end=\"508\">Unser Hotel ist die Fortsetzung dieser Philosophie \u2013 ein Ort, an dem Menschen aus aller Welt Naoussa nicht nur als Reiseziel, sondern als Erlebnis entdecken.<\/p><p data-start=\"510\" data-end=\"804\" data-is-last-node=\"\" data-is-only-node=\"\">Am Fu\u00dfe des Vermio-Gebirges gelegen und inspiriert von der langj\u00e4hrigen kulturellen Erfahrung seines Gr\u00fcnders, wurde das Hotel so gestaltet, dass es die lokale Identit\u00e4t hervorhebt und authentische Momente der Entspannung und der Verbindung mit der Region und der griechischen Tradition bietet.<\/p>\t\t\n\t<\/div>\n<\/div>\t\t\t\t<\/div>\n\t\t\t\t<\/div>\n\t\t                    <\/div>\r\n        <\/div>\r\n        \t\t\t<\/div>\n\t\t<\/section>\n\t\t        <section class=\"elementor-section elementor-top-section elementor-element elementor-element-50ca824 elementor-section-content-middle elementor-section-boxed elementor-section-height-default elementor-section-height-default pxl-section-static-pos-no pxl-section-overflow-hidden-no pxl-container-margin-auto-no\" data-id=\"50ca824\" data-element_type=\"section\">\n\n                            <div class=\"elementor-background-overlay\"><\/div>\n            \n                <div class=\"elementor-container elementor-column-gap-default \">\n                <div class=\"elementor-column elementor-col-50 elementor-top-column elementor-element elementor-element-b9f02e5 col-offset-none pxl-column-element-default pxl-column-overflow-hidden-no\" data-id=\"b9f02e5\" data-element_type=\"column\" data-settings=\"{&quot;background_background&quot;:&quot;classic&quot;}\">\r\n        <div class=\"elementor-widget-wrap elementor-element-populated\">\r\n                                <div class=\"elementor-background-overlay\"><\/div>\r\n        \t\t<div class=\"elementor-element elementor-element-90414ae elementor-invisible pxl-elementor-animate elementor-widget elementor-widget-pxl_heading\" data-id=\"90414ae\" data-element_type=\"widget\" data-settings=\"{&quot;_animation&quot;:&quot;fadeInUp&quot;}\" data-widget_type=\"pxl_heading.default\">\n\t\t\t\t<div class=\"elementor-widget-container\">\n\t\t\t\t\t<div class=\"pxl-heading-wrap d-flex\">\n    <div class=\"pxl-heading-inner  \">\n                <h2 class=\"heading-title pxl-split-text split-in-right\">\n                        Wer wir sind         <\/h2>\n            <\/div>\n<\/div>\n\n\t\t\t\t<\/div>\n\t\t\t\t<\/div>\n\t\t\t\t<div class=\"elementor-element elementor-element-4abc8ac elementor-invisible pxl-elementor-animate elementor-widget elementor-widget-pxl_text_editor\" data-id=\"4abc8ac\" data-element_type=\"widget\" data-settings=\"{&quot;_animation&quot;:&quot;fadeInUp&quot;}\" data-widget_type=\"pxl_text_editor.default\">\n\t\t\t\t<div class=\"elementor-widget-container\">\n\t\t\t\t\t<div id=\"pxl_text_editor-4abc8ac-8631\" class=\"pxl-text-editor-wrap d-flex \" >\n\t<div class=\"pxl-text-editor elementor-clearfix\">\n\t\t<p data-start=\"124\" data-end=\"433\">Die Idee des Hotels Thea wurde von Dimitris Barbaroussis ins Leben gerufen \u2013 einem Menschen, der sein Leben der griechischen Tradition gewidmet hat. Als Tanzlehrer und Organisator kultureller Reisen in ganz Griechenland hatte er die Vision eines Ortes, an dem Gastfreundschaft und Kultur aufeinandertreffen.<\/p><p data-start=\"435\" data-end=\"607\">Unser Hotel ist die Weiterf\u00fchrung dieser Philosophie \u2013 ein Ort, an dem Menschen aus aller Welt Naoussa nicht nur als Reiseziel, sondern als ein echtes Erlebnis entdecken.<\/p><p data-start=\"609\" data-end=\"917\" data-is-last-node=\"\" data-is-only-node=\"\">Am Fu\u00dfe des Vermio-Gebirges gelegen und getragen von der langj\u00e4hrigen kulturellen Erfahrung seines Gr\u00fcnders, wurde das Hotel so gestaltet, dass es die lokale Identit\u00e4t widerspiegelt und authentische Momente der Entspannung sowie eine tiefe Verbindung mit der Region und der griechischen Tradition erm\u00f6glicht.<\/p>\t\t\n\t<\/div>\n<\/div>\t\t\t\t<\/div>\n\t\t\t\t<\/div>\n\t\t                    <\/div>\r\n        <\/div>\r\n                <div class=\"elementor-column elementor-col-50 elementor-top-column elementor-element elementor-element-cfebb2f pxl-column-overflow-hidden-yes col-offset-none pxl-column-element-default\" data-id=\"cfebb2f\" data-element_type=\"column\">\r\n        <div class=\"elementor-widget-wrap elementor-element-populated\">\r\n                    \t\t<div class=\"elementor-element elementor-element-21aa691 elementor-widget elementor-widget-pxl_image\" data-id=\"21aa691\" data-element_type=\"widget\" data-widget_type=\"pxl_image.default\">\n\t\t\t\t<div class=\"elementor-widget-container\">\n\t\t\t\t\t<div id=\"pxl_image-21aa691-8633\" class=\"pxl-image-wg default\" data-parallax=\"{&quot;y&quot;:&quot;20&quot;}\">\r\n\t\t\t<img decoding=\"async\" width=\"800\" height=\"600\" src=\"https:\/\/thea-naousa.gr\/wp-content\/uploads\/2024\/02\/Studio-1-5_800x600.jpg\" class=\"attachment-full size-full wp-image-16695\" alt=\"\" srcset=\"https:\/\/thea-naousa.gr\/wp-content\/uploads\/2024\/02\/Studio-1-5_800x600.jpg 800w, https:\/\/thea-naousa.gr\/wp-content\/uploads\/2024\/02\/Studio-1-5_800x600-768x576.jpg 768w, https:\/\/thea-naousa.gr\/wp-content\/uploads\/2024\/02\/Studio-1-5_800x600-600x450.jpg 600w\" sizes=\"(max-width: 800px) 100vw, 800px\" \/>\t\t\t<\/div>\r\n\t\t\t\t<\/div>\n\t\t\t\t<\/div>\n\t\t                    <\/div>\r\n        <\/div>\r\n        \t\t\t<\/div>\n\t\t<\/section>\n\t\t        <section class=\"elementor-section elementor-top-section elementor-element elementor-element-ac96e95 elementor-section-content-middle elementor-section-boxed elementor-section-height-default elementor-section-height-default pxl-section-static-pos-no pxl-section-overflow-hidden-no pxl-container-margin-auto-no\" data-id=\"ac96e95\" data-element_type=\"section\">\n\n                \n                <div class=\"elementor-container elementor-column-gap-default \">\n                <div class=\"elementor-column elementor-col-33 elementor-top-column elementor-element elementor-element-e6d9e9e col-offset-none pxl-column-element-default pxl-column-overflow-hidden-no\" data-id=\"e6d9e9e\" data-element_type=\"column\">\r\n        <div class=\"elementor-widget-wrap elementor-element-populated\">\r\n                    \t\t<div class=\"elementor-element elementor-element-0e9da68 elementor-hidden-mobile elementor-widget elementor-widget-pxl_divider\" data-id=\"0e9da68\" data-element_type=\"widget\" data-widget_type=\"pxl_divider.default\">\n\t\t\t\t<div class=\"elementor-widget-container\">\n\t\t\t\t\t<div class=\"pxl-divider horizontal animated reversal normal\"><div class=\"pxl-divider-separator\"><\/div><\/div>\t\t\t\t<\/div>\n\t\t\t\t<\/div>\n\t\t                    <\/div>\r\n        <\/div>\r\n                <div class=\"elementor-column elementor-col-33 elementor-top-column elementor-element elementor-element-daa35a6 col-offset-none pxl-column-element-default pxl-column-overflow-hidden-no\" data-id=\"daa35a6\" data-element_type=\"column\">\r\n        <div class=\"elementor-widget-wrap elementor-element-populated\">\r\n                    \t\t<div class=\"elementor-element elementor-element-a7e7aee elementor-widget elementor-widget-pxl_heading\" data-id=\"a7e7aee\" data-element_type=\"widget\" data-widget_type=\"pxl_heading.default\">\n\t\t\t\t<div class=\"elementor-widget-container\">\n\t\t\t\t\t<div class=\"pxl-heading-wrap d-flex\">\n    <div class=\"pxl-heading-inner center \">\n                    <div class=\"heading-subtitle \">\n                <div class=\"subtitle-text  pxl-split-text split-in-right\">Die Kunst der Gastfreundschaft<\/div>\n            <\/div>\n                <h2 class=\"heading-title\">\n                                 <\/h2>\n            <\/div>\n<\/div>\n\n\t\t\t\t<\/div>\n\t\t\t\t<\/div>\n\t\t                    <\/div>\r\n        <\/div>\r\n                <div class=\"elementor-column elementor-col-33 elementor-top-column elementor-element elementor-element-294fe4a col-offset-none pxl-column-element-default pxl-column-overflow-hidden-no\" data-id=\"294fe4a\" data-element_type=\"column\">\r\n        <div class=\"elementor-widget-wrap elementor-element-populated\">\r\n                    \t\t<div class=\"elementor-element elementor-element-331c637 elementor-hidden-mobile elementor-widget elementor-widget-pxl_divider\" data-id=\"331c637\" data-element_type=\"widget\" data-widget_type=\"pxl_divider.default\">\n\t\t\t\t<div class=\"elementor-widget-container\">\n\t\t\t\t\t<div class=\"pxl-divider horizontal animated normal\"><div class=\"pxl-divider-separator\"><\/div><\/div>\t\t\t\t<\/div>\n\t\t\t\t<\/div>\n\t\t                    <\/div>\r\n        <\/div>\r\n        \t\t\t<\/div>\n\t\t<\/section>\n\t\t        <section class=\"elementor-section elementor-top-section elementor-element elementor-element-89e8608 elementor-section-boxed elementor-section-height-default elementor-section-height-default pxl-section-static-pos-no pxl-section-overflow-hidden-no pxl-container-margin-auto-no\" data-id=\"89e8608\" data-element_type=\"section\">\n\n                \n                <div class=\"elementor-container elementor-column-gap-default \">\n                <div class=\"elementor-column elementor-col-100 elementor-top-column elementor-element elementor-element-02e3b8e col-offset-none pxl-column-element-default pxl-column-overflow-hidden-no\" data-id=\"02e3b8e\" data-element_type=\"column\">\r\n        <div class=\"elementor-widget-wrap elementor-element-populated\">\r\n                    \t\t<div class=\"elementor-element elementor-element-5e6995a elementor-widget elementor-widget-pxl_text_editor\" data-id=\"5e6995a\" data-element_type=\"widget\" data-widget_type=\"pxl_text_editor.default\">\n\t\t\t\t<div class=\"elementor-widget-container\">\n\t\t\t\t\t<div id=\"pxl_text_editor-5e6995a-8889\" class=\"pxl-text-editor-wrap d-flex \" >\n\t<div class=\"pxl-text-editor elementor-clearfix\">\n\t\t<p data-start=\"61\" data-end=\"257\">Im Hotel Thea ist Gastfreundschaft eine Kunst und zugleich ein zeitloser Wert. Wie im Tanz z\u00e4hlt jede Bewegung \u2013 vom ersten Empfang bis hin zu den kleinen Details, die den Unterschied ausmachen.<\/p><p data-start=\"259\" data-end=\"498\">Wir lassen uns von der traditionellen griechischen Gastfreundschaft inspirieren und interpretieren sie auf moderne Weise. Unser Team verpflichtet sich, Dienstleistungen auf h\u00f6chstem Niveau zu bieten \u2013 mit Diskretion und Professionalit\u00e4t.<\/p><p data-start=\"500\" data-end=\"659\" data-is-last-node=\"\" data-is-only-node=\"\">Wir stehen Ihnen f\u00fcr jedes Anliegen zur Verf\u00fcgung \u2013 mit dem Ziel, Ihren Aufenthalt im Hotel Thea zu einem einzigartigen und unvergesslichen Erlebnis zu machen.<\/p>\t\t\n\t<\/div>\n<\/div>\t\t\t\t<\/div>\n\t\t\t\t<\/div>\n\t\t                    <\/div>\r\n        <\/div>\r\n        \t\t\t<\/div>\n\t\t<\/section>\n\t\t\t\t<\/div>\n\t\t","protected":false},"excerpt":{"rendered":"<p>Unsere Philosophie Im Thea Hotel glauben wir, dass Gastfreundschaft nicht nur eine Dienstleistung ist, sondern eine Lebenshaltung. Jeder Besucher ist ein willkommener Gast, jeder Aufenthalt ein Erlebnis voller W\u00e4rme und Authentizit\u00e4t. Indem wir modernen Komfort mit dem Geist der Tradition verbinden, schaffen wir eine Umgebung, in der echte griechische Gastfreundschaft lebendig wird. Wir streben danach, [&hellip;]<\/p>\n","protected":false},"author":2,"featured_media":0,"parent":0,"menu_order":0,"comment_status":"closed","ping_status":"closed","template":"","meta":{"footnotes":""},"class_list":["post-17031","page","type-page","status-publish","hentry"],"_links":{"self":[{"href":"https:\/\/thea-naousa.gr\/de\/wp-json\/wp\/v2\/pages\/17031","targetHints":{"allow":["GET"]}}],"collection":[{"href":"https:\/\/thea-naousa.gr\/de\/wp-json\/wp\/v2\/pages"}],"about":[{"href":"https:\/\/thea-naousa.gr\/de\/wp-json\/wp\/v2\/types\/page"}],"author":[{"embeddable":true,"href":"https:\/\/thea-naousa.gr\/de\/wp-json\/wp\/v2\/users\/2"}],"replies":[{"embeddable":true,"href":"https:\/\/thea-naousa.gr\/de\/wp-json\/wp\/v2\/comments?post=17031"}],"version-history":[{"count":10,"href":"https:\/\/thea-naousa.gr\/de\/wp-json\/wp\/v2\/pages\/17031\/revisions"}],"predecessor-version":[{"id":17701,"href":"https:\/\/thea-naousa.gr\/de\/wp-json\/wp\/v2\/pages\/17031\/revisions\/17701"}],"wp:attachment":[{"href":"https:\/\/thea-naousa.gr\/de\/wp-json\/wp\/v2\/media?parent=17031"}],"curies":[{"name":"wp","href":"https:\/\/api.w.org\/{rel}","templated":true}]}}